{"id":5319,"date":"2025-06-24T18:46:08","date_gmt":"2025-06-24T16:46:08","guid":{"rendered":"https:\/\/www.extende.com\/civa-logiciel-de-simulation-cnd\/a-propos-de-civa\/cas-dapplication-cnd-civa\/en-aval-expertiser-des-phenomenes-complexes-lors-dune-inspection-ultrasonore\/"},"modified":"2025-07-16T17:25:00","modified_gmt":"2025-07-16T15:25:00","slug":"en-aval-expertiser-des-phenomenes-complexes-lors-dune-inspection-ultrasonore","status":"publish","type":"page","link":"https:\/\/www.extende.com\/fr\/civa-logiciel-de-simulation-cnd\/a-propos-de-civa\/cas-dapplication-cnd-civa\/en-aval-expertiser-des-phenomenes-complexes-lors-dune-inspection-ultrasonore\/","title":{"rendered":"En aval : Expertiser des ph\u00e9nom\u00e8nes complexes lors d&rsquo;une inspection ultrasonore"},"content":{"rendered":"<div style=\"text-align: center;\"><img loading=\"lazy\" decoding=\"async\" class=\"aligncenter wp-image-5318 size-full\" src=\"https:\/\/www.extende.com\/wp-content\/uploads\/CIVA_Application_Case_12_Top_FR.jpg\" alt=\"\" width=\"793\" height=\"622\" align=\"\" srcset=\"https:\/\/www.extende.com\/wp-content\/uploads\/CIVA_Application_Case_12_Top_FR.jpg 793w, https:\/\/www.extende.com\/wp-content\/uploads\/CIVA_Application_Case_12_Top_FR-300x235.jpg 300w, https:\/\/www.extende.com\/wp-content\/uploads\/CIVA_Application_Case_12_Top_FR-768x602.jpg 768w, https:\/\/www.extende.com\/wp-content\/uploads\/CIVA_Application_Case_12_Top_FR-600x471.jpg 600w\" sizes=\"auto, (max-width: 793px) 100vw, 793px\" \/><\/div>\n<p>&nbsp;<\/p>\n<p>Le douzi\u00e8me cas d&rsquo;application de <span class=\"g-color1\">CIVA<\/span>, <span class=\"g-color2\">En aval : Expertiser des ph\u00e9nom\u00e8nes complexes lors d&rsquo;une inspection ultrasonore<\/span>, est disponible dans les langues suivantes :<\/p>\n<p><a class=\"lien\" title=\"\" href=\"https:\/\/www.extende.com\/wp-content\/uploads\/CIVA_Application_Case_12_DE.pdf\" target=\"_blank\" rel=\"noopener\"><span class=\"g-color1\"><img loading=\"lazy\" decoding=\"async\" class=\"alignnone wp-image-4811\" src=\"https:\/\/www.extende.com\/wp-content\/uploads\/actu-de.png\" alt=\"\" width=\"19\" height=\"19\" align=\"absmiddle\" \/> Allemand<\/span><\/a><br \/>\n<a class=\"lien\" title=\"\" href=\"https:\/\/www.extende.com\/wp-content\/uploads\/CIVA_Application_Case_12_EN.pdf\" target=\"_blank\" rel=\"noopener\"><span class=\"g-color1\"><img loading=\"lazy\" decoding=\"async\" class=\"alignnone wp-image-4816\" src=\"https:\/\/www.extende.com\/wp-content\/uploads\/actu-gb.png\" alt=\"\" width=\"19\" height=\"19\" align=\"absmiddle\" \/> Anglais<\/span><\/a><br \/>\n<a class=\"lien\" title=\"\" href=\"https:\/\/www.extende.com\/wp-content\/uploads\/CIVA_Application_Case_12_CN.pdf\" target=\"_blank\" rel=\"noopener\"><span class=\"g-color1\"><img loading=\"lazy\" decoding=\"async\" class=\"alignnone wp-image-4796\" src=\"https:\/\/www.extende.com\/wp-content\/uploads\/actu-cn.png\" alt=\"\" width=\"19\" height=\"19\" align=\"absmiddle\" \/> Chinois<\/span><\/a><br \/>\n<a class=\"lien\" title=\"\" href=\"https:\/\/www.extende.com\/wp-content\/uploads\/CIVA_Application_Case_12_KR.pdf\" target=\"_blank\" rel=\"noopener\"><span class=\"g-color1\"><img loading=\"lazy\" decoding=\"async\" class=\"alignnone wp-image-4798\" src=\"https:\/\/www.extende.com\/wp-content\/uploads\/actu-kr.png\" alt=\"\" width=\"19\" height=\"19\" align=\"absmiddle\" \/> Cor\u00e9en<\/span><\/a><br \/>\n<a class=\"lien\" title=\"\" href=\"https:\/\/www.extende.com\/wp-content\/uploads\/CIVA_Application_Case_12_ES.pdf\" target=\"_blank\" rel=\"noopener\"><span class=\"g-color1\"><img loading=\"lazy\" decoding=\"async\" class=\"alignnone wp-image-4813\" src=\"https:\/\/www.extende.com\/wp-content\/uploads\/actu-es.png\" alt=\"\" width=\"19\" height=\"19\" align=\"absmiddle\" \/> Espagnol<\/span><\/a><br \/>\n<a class=\"lien\" title=\"\" href=\"https:\/\/www.extende.com\/wp-content\/uploads\/CIVA_Application_Case_12_FR.pdf\" target=\"_blank\" rel=\"noopener\"><span class=\"g-color1\"><img loading=\"lazy\" decoding=\"async\" class=\"alignnone wp-image-4815\" src=\"https:\/\/www.extende.com\/wp-content\/uploads\/actu-fr-1.png\" alt=\"\" width=\"19\" height=\"19\" align=\"absmiddle\" \/> Fran\u00e7ais<\/span><\/a><br \/>\n<a class=\"lien\" title=\"\" href=\"https:\/\/www.extende.com\/wp-content\/uploads\/CIVA_Application_Case_12_IT.pdf\" target=\"_blank\" rel=\"noopener\"><span class=\"g-color1\"><img loading=\"lazy\" decoding=\"async\" class=\"alignnone wp-image-4823\" src=\"https:\/\/www.extende.com\/wp-content\/uploads\/actu-it.png\" alt=\"\" width=\"19\" height=\"19\" align=\"absmiddle\" \/> Italien<\/span><\/a><br \/>\n<a class=\"lien\" title=\"\" href=\"https:\/\/www.extende.com\/wp-content\/uploads\/CIVA_Application_Case_12_PT.pdf\" target=\"_blank\" rel=\"noopener\"><span class=\"g-color1\"><img loading=\"lazy\" decoding=\"async\" class=\"alignnone wp-image-4830\" src=\"https:\/\/www.extende.com\/wp-content\/uploads\/actu-pt.png\" alt=\"\" width=\"19\" height=\"19\" align=\"absmiddle\" \/> Portugais<\/span><\/a><br \/>\n<a class=\"lien\" title=\"\" href=\"https:\/\/www.extende.com\/wp-content\/uploads\/CIVA_Application_Case_12_RU.pdf\" target=\"_blank\" rel=\"noopener\"><span class=\"g-color1\"><img loading=\"lazy\" decoding=\"async\" class=\"alignnone wp-image-2845\" src=\"https:\/\/www.extende.com\/wp-content\/uploads\/actu-ru.png\" alt=\"\" width=\"19\" height=\"19\" align=\"absmiddle\" \/> Russe<\/span><\/a><\/p>\n","protected":false},"excerpt":{"rendered":"<p>Expertiser des ph\u00e9nom\u00e8nes complexes lors d&rsquo;une inspection ultrasonore, simulation d&rsquo;inspection, r\u00e9seau de fissures, simulation d&rsquo;ultrasons<\/p>\n","protected":false},"author":2,"featured_media":0,"parent":4843,"menu_order":11,"comment_status":"closed","ping_status":"closed","template":"templates\/page--extende.html.php","meta":{"_acf_changed":false,"footnotes":""},"class_list":["post-5319","page","type-page","status-publish","hentry"],"acf":[],"_links":{"self":[{"href":"https:\/\/www.extende.com\/fr\/wp-json\/wp\/v2\/pages\/5319","targetHints":{"allow":["GET"]}}],"collection":[{"href":"https:\/\/www.extende.com\/fr\/wp-json\/wp\/v2\/pages"}],"about":[{"href":"https:\/\/www.extende.com\/fr\/wp-json\/wp\/v2\/types\/page"}],"author":[{"embeddable":true,"href":"https:\/\/www.extende.com\/fr\/wp-json\/wp\/v2\/users\/2"}],"replies":[{"embeddable":true,"href":"https:\/\/www.extende.com\/fr\/wp-json\/wp\/v2\/comments?post=5319"}],"version-history":[{"count":2,"href":"https:\/\/www.extende.com\/fr\/wp-json\/wp\/v2\/pages\/5319\/revisions"}],"predecessor-version":[{"id":6433,"href":"https:\/\/www.extende.com\/fr\/wp-json\/wp\/v2\/pages\/5319\/revisions\/6433"}],"up":[{"embeddable":true,"href":"https:\/\/www.extende.com\/fr\/wp-json\/wp\/v2\/pages\/4843"}],"wp:attachment":[{"href":"https:\/\/www.extende.com\/fr\/wp-json\/wp\/v2\/media?parent=5319"}],"curies":[{"name":"wp","href":"https:\/\/api.w.org\/{rel}","templated":true}]}}