{"id":5342,"date":"2025-06-24T18:46:17","date_gmt":"2025-06-24T16:46:17","guid":{"rendered":"https:\/\/www.extende.com\/civa-logiciel-de-simulation-cnd\/a-propos-de-civa\/cas-dapplication-cnd-civa\/en-amont-appuyer-les-developpements-en-shm-par-la-simulation\/"},"modified":"2025-07-16T17:28:17","modified_gmt":"2025-07-16T15:28:17","slug":"en-amont-appuyer-les-developpements-en-shm-par-la-simulation","status":"publish","type":"page","link":"https:\/\/www.extende.com\/fr\/civa-logiciel-de-simulation-cnd\/a-propos-de-civa\/cas-dapplication-cnd-civa\/en-amont-appuyer-les-developpements-en-shm-par-la-simulation\/","title":{"rendered":"En amont : Appuyer les d\u00e9veloppements en SHM par la simulation"},"content":{"rendered":"<div style=\"text-align: center;\"><img loading=\"lazy\" decoding=\"async\" class=\"aligncenter wp-image-5341 size-full\" src=\"https:\/\/www.extende.com\/wp-content\/uploads\/CIVA_Application_Case_15_Top_FR.jpg\" alt=\"\" width=\"793\" height=\"622\" align=\"\" srcset=\"https:\/\/www.extende.com\/wp-content\/uploads\/CIVA_Application_Case_15_Top_FR.jpg 793w, https:\/\/www.extende.com\/wp-content\/uploads\/CIVA_Application_Case_15_Top_FR-300x235.jpg 300w, https:\/\/www.extende.com\/wp-content\/uploads\/CIVA_Application_Case_15_Top_FR-768x602.jpg 768w, https:\/\/www.extende.com\/wp-content\/uploads\/CIVA_Application_Case_15_Top_FR-600x471.jpg 600w\" sizes=\"auto, (max-width: 793px) 100vw, 793px\" \/><\/div>\n<p>&nbsp;<\/p>\n<p>Le quinzi\u00e8me cas d&rsquo;application de <span class=\"g-color1\">CIVA<\/span>, <span class=\"g-color2\">En amont : Appuyer les d\u00e9veloppements en SHM par la simulation<\/span>, est disponible dans les langues suivantes :<\/p>\n<p><a class=\"lien\" title=\"\" href=\"https:\/\/www.extende.com\/wp-content\/uploads\/CIVA_Application_Case_15_EN.pdf\" target=\"_blank\" rel=\"noopener\"><span class=\"g-color1\"><img loading=\"lazy\" decoding=\"async\" class=\"alignnone wp-image-4816\" src=\"https:\/\/www.extende.com\/wp-content\/uploads\/actu-gb.png\" alt=\"\" width=\"19\" height=\"19\" align=\"absmiddle\" \/> Anglais<\/span><\/a><br \/>\n<a class=\"lien\" title=\"\" href=\"https:\/\/www.extende.com\/wp-content\/uploads\/CIVA_Application_Case_15_FR.pdf\" target=\"_blank\" rel=\"noopener\"><span class=\"g-color1\"><img loading=\"lazy\" decoding=\"async\" class=\"alignnone wp-image-4815\" src=\"https:\/\/www.extende.com\/wp-content\/uploads\/actu-fr-1.png\" alt=\"\" width=\"19\" height=\"19\" align=\"absmiddle\" \/> Fran\u00e7ais<\/span><\/a><\/p>\n","protected":false},"excerpt":{"rendered":"<p>Optimiser vos d\u00e9marches de qualification en CND, Qualification de contr\u00f4le, r\u00e9duction des co\u00fbts de qualification, simulation de maquettes<\/p>\n","protected":false},"author":2,"featured_media":0,"parent":4843,"menu_order":14,"comment_status":"closed","ping_status":"closed","template":"templates\/page--extende.html.php","meta":{"_acf_changed":false,"footnotes":""},"class_list":["post-5342","page","type-page","status-publish","hentry"],"acf":[],"_links":{"self":[{"href":"https:\/\/www.extende.com\/fr\/wp-json\/wp\/v2\/pages\/5342","targetHints":{"allow":["GET"]}}],"collection":[{"href":"https:\/\/www.extende.com\/fr\/wp-json\/wp\/v2\/pages"}],"about":[{"href":"https:\/\/www.extende.com\/fr\/wp-json\/wp\/v2\/types\/page"}],"author":[{"embeddable":true,"href":"https:\/\/www.extende.com\/fr\/wp-json\/wp\/v2\/users\/2"}],"replies":[{"embeddable":true,"href":"https:\/\/www.extende.com\/fr\/wp-json\/wp\/v2\/comments?post=5342"}],"version-history":[{"count":2,"href":"https:\/\/www.extende.com\/fr\/wp-json\/wp\/v2\/pages\/5342\/revisions"}],"predecessor-version":[{"id":6440,"href":"https:\/\/www.extende.com\/fr\/wp-json\/wp\/v2\/pages\/5342\/revisions\/6440"}],"up":[{"embeddable":true,"href":"https:\/\/www.extende.com\/fr\/wp-json\/wp\/v2\/pages\/4843"}],"wp:attachment":[{"href":"https:\/\/www.extende.com\/fr\/wp-json\/wp\/v2\/media?parent=5342"}],"curies":[{"name":"wp","href":"https:\/\/api.w.org\/{rel}","templated":true}]}}