{"id":5344,"date":"2025-06-24T18:49:32","date_gmt":"2025-06-24T16:49:32","guid":{"rendered":"https:\/\/www.extende.com\/nos-services\/"},"modified":"2025-07-02T14:48:22","modified_gmt":"2025-07-02T12:48:22","slug":"nos-services","status":"publish","type":"page","link":"https:\/\/www.extende.com\/fr\/nos-services\/","title":{"rendered":"Nos services"},"content":{"rendered":"<p>Au-del\u00e0 de la distribution du logiciel CIVA (et du support technique) et du d\u00e9veloppement de l\u2019outil TraiNDE, EXTENDE propose une offre de services pour vous accompagner dans vos projets:<\/p>\n<ul>\n<li><a href=\"https:\/\/www.extende.com\/fr\/nos-services\/formations-en-controle-non-destructif\/\">Formation<\/a><\/li>\n<li><a href=\"https:\/\/www.extende.com\/fr\/nos-services\/etudes-en-controle-non-destructif\/\">Etudes en CND<\/a> (\u00e9valuation\/d\u00e9veloppement de techniques d\u2019inspection par simulation, assistance technique sur CIVA, pilotage et exploitation de r\u00e9sultats CIVA par Script, ou tout autre service d\u2019expertise END).<\/li>\n<\/ul>\n<p>Plus de d\u00e9tails sur ces services sont donn\u00e9s dans les pages d\u00e9di\u00e9es \u00e0 chacun.<\/p>\n","protected":false},"excerpt":{"rendered":"<p>Au-del\u00e0 de la distribution du logiciel CIVA (et du support technique) et du d\u00e9veloppement de l\u2019outil TraiNDE, EXTENDE propose une offre de services pour vous accompagner dans vos projets: Formation Etudes en CND (\u00e9valuation\/d\u00e9veloppement de techniques d\u2019inspection par simulation, assistance technique sur CIVA, pilotage et exploitation de r\u00e9sultats CIVA par Script, ou tout autre service [&hellip;]<\/p>\n","protected":false},"author":2,"featured_media":0,"parent":0,"menu_order":0,"comment_status":"closed","ping_status":"closed","template":"templates\/page--extende.html.php","meta":{"_acf_changed":false,"footnotes":""},"class_list":["post-5344","page","type-page","status-publish","hentry"],"acf":[],"_links":{"self":[{"href":"https:\/\/www.extende.com\/fr\/wp-json\/wp\/v2\/pages\/5344","targetHints":{"allow":["GET"]}}],"collection":[{"href":"https:\/\/www.extende.com\/fr\/wp-json\/wp\/v2\/pages"}],"about":[{"href":"https:\/\/www.extende.com\/fr\/wp-json\/wp\/v2\/types\/page"}],"author":[{"embeddable":true,"href":"https:\/\/www.extende.com\/fr\/wp-json\/wp\/v2\/users\/2"}],"replies":[{"embeddable":true,"href":"https:\/\/www.extende.com\/fr\/wp-json\/wp\/v2\/comments?post=5344"}],"version-history":[{"count":2,"href":"https:\/\/www.extende.com\/fr\/wp-json\/wp\/v2\/pages\/5344\/revisions"}],"predecessor-version":[{"id":5965,"href":"https:\/\/www.extende.com\/fr\/wp-json\/wp\/v2\/pages\/5344\/revisions\/5965"}],"wp:attachment":[{"href":"https:\/\/www.extende.com\/fr\/wp-json\/wp\/v2\/media?parent=5344"}],"curies":[{"name":"wp","href":"https:\/\/api.w.org\/{rel}","templated":true}]}}