{"id":5348,"date":"2025-06-24T18:49:33","date_gmt":"2025-06-24T16:49:33","guid":{"rendered":"https:\/\/www.extende.com\/nos-services\/etudes-en-controle-non-destructif\/"},"modified":"2026-01-23T14:25:02","modified_gmt":"2026-01-23T13:25:02","slug":"etudes-en-controle-non-destructif","status":"publish","type":"page","link":"https:\/\/www.extende.com\/fr\/nos-services\/etudes-en-controle-non-destructif\/","title":{"rendered":"\u00c9tudes en Contr\u00f4le Non Destructif"},"content":{"rendered":"<p>Vous disposez de peu de temps pour r\u00e9aliser des simulations par vous-m\u00eame, mais d\u00e9sirez quand m\u00eame profiter des b\u00e9n\u00e9fices de la simulation ?<\/p>\n<div class=\"corner-wrapper\">\n<div class=\"corner-frame\" style=\"text-align: center;\"><strong><span class=\"g-color2\">R\u00e9duire le nombre de maquettes \u2013 R\u00e9duire le temps mise sur le march\u00e9<br \/>\nD\u00e9montrer des performances \u2013 Innover sans risque \u2013 V\u00e9rifier la faisabilit\u00e9<br \/>\nConcevoir efficacement \u2013 Am\u00e9liorer la fiabilit\u00e9 \u2013 Expliquer les ph\u00e9nom\u00e8nes complexes<\/span><\/strong><\/div>\n<\/div>\n<p>&nbsp;<\/p>\n<h2 class=\"titre-paragraphe\">Notre \u00e9quipe de consulting peut vous aider \u00e0&#8230;<img loading=\"lazy\" decoding=\"async\" class=\"wp-image-2819 alignright\" src=\"https:\/\/www.extende.com\/wp-content\/uploads\/CIVA_UT_Step_Wedge_C-Scan_B-Scan.png\" alt=\"\" width=\"295\" height=\"155\" align=\"right\" srcset=\"https:\/\/www.extende.com\/wp-content\/uploads\/CIVA_UT_Step_Wedge_C-Scan_B-Scan.png 1292w, https:\/\/www.extende.com\/wp-content\/uploads\/CIVA_UT_Step_Wedge_C-Scan_B-Scan-300x158.png 300w, https:\/\/www.extende.com\/wp-content\/uploads\/CIVA_UT_Step_Wedge_C-Scan_B-Scan-1024x539.png 1024w, https:\/\/www.extende.com\/wp-content\/uploads\/CIVA_UT_Step_Wedge_C-Scan_B-Scan-768x404.png 768w, https:\/\/www.extende.com\/wp-content\/uploads\/CIVA_UT_Step_Wedge_C-Scan_B-Scan-600x316.png 600w\" sizes=\"auto, (max-width: 295px) 100vw, 295px\" \/><\/h2>\n<ul class=\"liste-carres-noirs\">\n<li>Concevoir une sonde, un processus d\u2019inspection<\/li>\n<li>V\u00e9rifier la faisabilit\u00e9 d\u2019une inspection<\/li>\n<li>Optimiser, valider une proc\u00e9dure<\/li>\n<li>Simuler un diagnostic complexe<\/li>\n<li>Quantifier l&rsquo;impact de param\u00e8tres influents et incertains sur les r\u00e9sultats<\/li>\n<li>Apporter des r\u00e9sultats de simulation pour des justifications techniques (ENIQ, RSEM\u2026),<img loading=\"lazy\" decoding=\"async\" class=\"wp-image-2820 alignright\" src=\"https:\/\/www.extende.com\/wp-content\/uploads\/CIVA-Validation-UT-TFP1-1-small.png\" alt=\"\" width=\"226\" height=\"210\" align=\"right\" \/><br \/>\ndes d\u00e9monstrations de performances<\/li>\n<li>R\u00e9duire le coup des POD (conception d&rsquo;exp\u00e9rience, courbe simul\u00e9e\u2026) et des processus de qualification : Moins de maquettes !<\/li>\n<li>Visualiser pour mettre vos id\u00e9es en valeur et convaincre<\/li>\n<li>Evaluer des technologies innovantes pour satisfaire vos besoins en r\u00e9duisant le risque<\/li>\n<li>Confirmer votre diagnostic apr\u00e8s des inspections sur le terrain<\/li>\n<li>Visualiser pour comprendre les ph\u00e9nom\u00e8nes physiques<\/li>\n<\/ul>\n<p>&nbsp;<\/p>\n<h2 class=\"titre-paragraphe\">Nos services de consulting peuvent \u00e9galement \u00eatre utile<img loading=\"lazy\" decoding=\"async\" class=\"alignright wp-image-3701\" src=\"https:\/\/www.extende.com\/wp-content\/uploads\/CIVA-Validation-UT-TG-14-small.png\" alt=\"\" width=\"300\" height=\"173\" align=\"right\" srcset=\"https:\/\/www.extende.com\/wp-content\/uploads\/CIVA-Validation-UT-TG-14-small.png 400w, https:\/\/www.extende.com\/wp-content\/uploads\/CIVA-Validation-UT-TG-14-small-300x173.png 300w\" sizes=\"auto, (max-width: 300px) 100vw, 300px\" \/><br \/>\naux utilisateurs de CIVA<\/h2>\n<ul class=\"liste-carres-noirs\">\n<li>V\u00e9rifier vos configurations, pr\u00e9parer des configurations complexes<\/li>\n<li>R\u00e9aliser des calculs en masse ou des calculs complexes avec extraction de r\u00e9sultats<\/li>\n<li>V\u00e9rifier les limites des mod\u00e8les<\/li>\n<li>Cr\u00e9er vos scripts pour CIVA, potentiellement fournis avec une interface de param\u00e9trage<\/li>\n<\/ul>\n<p>&nbsp;<\/p>\n<h2 class=\"titre-paragraphe\">Votre int\u00e9r\u00eat \u00e0 nous faire confiance<\/h2>\n<p>Assurez-vous que votre simulation est faite par les <span class=\"g-color2\">meilleurs sp\u00e9cialistes<\/span> au monde (notre \u00e9quipe anime des formations \u00e0 CIVA \u00e0 travers le monde entier pour tous les utilisateurs de CIVA, et est en contact permanent avec l&rsquo;\u00e9quipe de d\u00e9veloppement du CEA).<\/p>\n<p>&nbsp;<\/p>\n<div style=\"text-align: center;\"><img loading=\"lazy\" decoding=\"async\" class=\"border aligncenter wp-image-7176\" src=\"https:\/\/www.extende.com\/wp-content\/uploads\/Keyboard_Typing-300x200.jpg\" alt=\"\" width=\"360\" height=\"240\" srcset=\"https:\/\/www.extende.com\/wp-content\/uploads\/Keyboard_Typing-300x200.jpg 300w, https:\/\/www.extende.com\/wp-content\/uploads\/Keyboard_Typing-768x512.jpg 768w, https:\/\/www.extende.com\/wp-content\/uploads\/Keyboard_Typing-600x400.jpg 600w, https:\/\/www.extende.com\/wp-content\/uploads\/Keyboard_Typing.jpg 960w\" sizes=\"auto, (max-width: 360px) 100vw, 360px\" \/><\/div>\n<p>&nbsp;<\/p>\n<p>En faisant confiance \u00e0 notre <span class=\"g-color2\">\u00e9quipe d&rsquo;experts<\/span>, vous b\u00e9n\u00e9ficierez de :<\/p>\n<ul class=\"liste-carres-noirs\">\n<li>Un usage rapide et efficace du logiciel<\/li>\n<li>Une parfaite connaissance de tous les outils inclus dans le logiciel<\/li>\n<li>Une vision claire des limites des mod\u00e8les<\/li>\n<li>Une longue exp\u00e9rience dans tous les domaines (Nucl\u00e9aire, P\u00e9trole &amp; Gaz, A\u00e9ronautique\u2026)<\/li>\n<\/ul>\n<p>&nbsp;<\/p>\n<p><img loading=\"lazy\" decoding=\"async\" class=\"alignright wp-image-6225\" src=\"https:\/\/www.extende.com\/wp-content\/uploads\/Logo_ISO-9001-2015-278x300.png\" alt=\"\" width=\"150\" height=\"162\" srcset=\"https:\/\/www.extende.com\/wp-content\/uploads\/Logo_ISO-9001-2015-278x300.png 278w, https:\/\/www.extende.com\/wp-content\/uploads\/Logo_ISO-9001-2015-768x830.png 768w, https:\/\/www.extende.com\/wp-content\/uploads\/Logo_ISO-9001-2015-600x648.png 600w, https:\/\/www.extende.com\/wp-content\/uploads\/Logo_ISO-9001-2015.png 799w\" sizes=\"auto, (max-width: 150px) 100vw, 150px\" \/>Nous sommes <span class=\"g-color2\">neutres<\/span> (pas d&rsquo;inspection sur le terrain) et <span class=\"g-color2\">ind\u00e9pendants<\/span> : notre diagnostic est <span class=\"g-color2\">impartial<\/span>.<\/p>\n<p>&nbsp;<\/p>\n<p>Notre organisation est <a class=\"g-lien\" href=\"https:\/\/www.extende.com\/fr\/lentreprise\/qualite-surete-environnement\/\">certifi\u00e9e ISO 9001.<\/a><\/p>\n<p>&nbsp;<\/p>\n<p><a class=\"lien2\" href=\"https:\/\/www.extende.com\/fr\/contact\/\" target=\"_self\">D\u00e9crivez-nous votre besoin !<\/a><\/p>\n","protected":false},"excerpt":{"rendered":"<p>R\u00e9ponse d&rsquo;Extende aux besoins des clients<\/p>\n","protected":false},"author":2,"featured_media":0,"parent":5344,"menu_order":0,"comment_status":"closed","ping_status":"closed","template":"templates\/page--extende.html.php","meta":{"_acf_changed":false,"footnotes":""},"class_list":["post-5348","page","type-page","status-publish","hentry"],"acf":[],"_links":{"self":[{"href":"https:\/\/www.extende.com\/fr\/wp-json\/wp\/v2\/pages\/5348","targetHints":{"allow":["GET"]}}],"collection":[{"href":"https:\/\/www.extende.com\/fr\/wp-json\/wp\/v2\/pages"}],"about":[{"href":"https:\/\/www.extende.com\/fr\/wp-json\/wp\/v2\/types\/page"}],"author":[{"embeddable":true,"href":"https:\/\/www.extende.com\/fr\/wp-json\/wp\/v2\/users\/2"}],"replies":[{"embeddable":true,"href":"https:\/\/www.extende.com\/fr\/wp-json\/wp\/v2\/comments?post=5348"}],"version-history":[{"count":3,"href":"https:\/\/www.extende.com\/fr\/wp-json\/wp\/v2\/pages\/5348\/revisions"}],"predecessor-version":[{"id":7179,"href":"https:\/\/www.extende.com\/fr\/wp-json\/wp\/v2\/pages\/5348\/revisions\/7179"}],"up":[{"embeddable":true,"href":"https:\/\/www.extende.com\/fr\/wp-json\/wp\/v2\/pages\/5344"}],"wp:attachment":[{"href":"https:\/\/www.extende.com\/fr\/wp-json\/wp\/v2\/media?parent=5348"}],"curies":[{"name":"wp","href":"https:\/\/api.w.org\/{rel}","templated":true}]}}