{"id":5350,"date":"2025-06-24T18:49:33","date_gmt":"2025-06-24T16:49:33","guid":{"rendered":"https:\/\/www.extende.com\/nos-services\/formations-en-controle-non-destructif\/"},"modified":"2025-07-03T17:41:13","modified_gmt":"2025-07-03T15:41:13","slug":"formations-en-controle-non-destructif","status":"publish","type":"page","link":"https:\/\/www.extende.com\/fr\/nos-services\/formations-en-controle-non-destructif\/","title":{"rendered":"Formations en Contr\u00f4le Non Destructif"},"content":{"rendered":"<p>EXTENDE propose 2 types de programmes de formation :<\/p>\n<ul>\n<li>\u00a0Formation sur le <a href=\"https:\/\/www.extende.com\/fr\/civa-logiciel-de-simulation-cnd\/\">logiciel CIVA<\/a> pour la simulation en END, avec diff\u00e9rents types de sessions selon le module d\u2019int\u00e9r\u00eat et votre exp\u00e9rience sur le logiciel<\/li>\n<li>Formation sur la \u00ab\u00a0<span class=\"g-color2\">Fiabilit\u00e9 en END<\/span>\u00ab\u00a0qui d\u00e9veloppe les m\u00e9thodologies associ\u00e9es aux \u00e9tudes et indicateurs de fiabilit\u00e9 (POD, justifications techniques, etc. ) concernant les proc\u00e9dures de contr\u00f4le END.<\/li>\n<\/ul>\n<p>Plus de d\u00e9tails sur les objectifs de nos formations sont donn\u00e9es dans les pages de cette section et dans notre <a href=\"https:\/\/www.extende.com\/fr\/nos-services\/formations-en-controle-non-destructif\/notre-catalogue-de-formation-le-planning\/\">catalogue de formation<\/a>.<\/p>\n","protected":false},"excerpt":{"rendered":"<p>EXTENDE propose 2 types de programmes de formation : \u00a0Formation sur le logiciel CIVA pour la simulation en END, avec diff\u00e9rents types de sessions selon le module d\u2019int\u00e9r\u00eat et votre exp\u00e9rience sur le logiciel Formation sur la \u00ab\u00a0Fiabilit\u00e9 en END\u00ab\u00a0qui d\u00e9veloppe les m\u00e9thodologies associ\u00e9es aux \u00e9tudes et indicateurs de fiabilit\u00e9 (POD, justifications techniques, etc. ) [&hellip;]<\/p>\n","protected":false},"author":2,"featured_media":0,"parent":5344,"menu_order":1,"comment_status":"closed","ping_status":"closed","template":"templates\/page--extende.html.php","meta":{"_acf_changed":false,"footnotes":""},"class_list":["post-5350","page","type-page","status-publish","hentry"],"acf":[],"_links":{"self":[{"href":"https:\/\/www.extende.com\/fr\/wp-json\/wp\/v2\/pages\/5350","targetHints":{"allow":["GET"]}}],"collection":[{"href":"https:\/\/www.extende.com\/fr\/wp-json\/wp\/v2\/pages"}],"about":[{"href":"https:\/\/www.extende.com\/fr\/wp-json\/wp\/v2\/types\/page"}],"author":[{"embeddable":true,"href":"https:\/\/www.extende.com\/fr\/wp-json\/wp\/v2\/users\/2"}],"replies":[{"embeddable":true,"href":"https:\/\/www.extende.com\/fr\/wp-json\/wp\/v2\/comments?post=5350"}],"version-history":[{"count":2,"href":"https:\/\/www.extende.com\/fr\/wp-json\/wp\/v2\/pages\/5350\/revisions"}],"predecessor-version":[{"id":6077,"href":"https:\/\/www.extende.com\/fr\/wp-json\/wp\/v2\/pages\/5350\/revisions\/6077"}],"up":[{"embeddable":true,"href":"https:\/\/www.extende.com\/fr\/wp-json\/wp\/v2\/pages\/5344"}],"wp:attachment":[{"href":"https:\/\/www.extende.com\/fr\/wp-json\/wp\/v2\/media?parent=5350"}],"curies":[{"name":"wp","href":"https:\/\/api.w.org\/{rel}","templated":true}]}}