{"id":5381,"date":"2025-06-24T18:49:40","date_gmt":"2025-06-24T16:49:40","guid":{"rendered":"https:\/\/www.extende.com\/nos-services\/etudes-en-controle-non-destructif\/le-logiciel-flux-pour-la-simulation-des-methodes-electromagnetiques\/"},"modified":"2025-07-15T17:15:07","modified_gmt":"2025-07-15T15:15:07","slug":"le-logiciel-flux-pour-la-simulation-des-methodes-electromagnetiques","status":"publish","type":"page","link":"https:\/\/www.extende.com\/fr\/nos-services\/etudes-en-controle-non-destructif\/le-logiciel-flux-pour-la-simulation-des-methodes-electromagnetiques\/","title":{"rendered":"Le logiciel Flux\u00ae pour la simulation des m\u00e9thodes \u00e9lectromagn\u00e9tiques"},"content":{"rendered":"<p><span class=\"g-color2\">FLUX\u00ae<\/span> est un logiciel commercial de calcul par \u00e9l\u00e9ments finis simulant les ph\u00e9nom\u00e8nes <span class=\"g-color2\">\u00e9lectromagn\u00e9tiques<\/span> et <span class=\"g-color2\">thermiques<\/span>.<\/p>\n<p>&nbsp;<\/p>\n<div style=\"text-align: center;\"><a href=\"http:\/\/www.cedrat.com\/en\/software-solutions\/flux.html\" target=\"_blank\" rel=\"noopener\"><img loading=\"lazy\" decoding=\"async\" class=\"no-border alignnone wp-image-5351\" src=\"https:\/\/www.extende.com\/wp-content\/uploads\/Logo_Flux.jpg\" alt=\"\" width=\"300\" height=\"111\" align=\"\" srcset=\"https:\/\/www.extende.com\/wp-content\/uploads\/Logo_Flux.jpg 422w, https:\/\/www.extende.com\/wp-content\/uploads\/Logo_Flux-300x111.jpg 300w\" sizes=\"auto, (max-width: 300px) 100vw, 300px\" \/><\/a><\/div>\n<p>&nbsp;<\/p>\n<p>FLUX\u00ae est d\u00e9velopp\u00e9 par <span class=\"g-color2\">Altair<\/span>.<\/p>\n<p>&nbsp;<\/p>\n<div style=\"text-align: center;\"><a href=\"http:\/\/www.altair.com\/\" target=\"_blank\" rel=\"noopener\"><img decoding=\"async\" class=\"no-border alignnone wp-image-5352\" src=\"https:\/\/www.extende.com\/wp-content\/uploads\/Logo_Altair.png\" alt=\"\" width=\"300\" align=\"\" srcset=\"https:\/\/www.extende.com\/wp-content\/uploads\/Logo_Altair.png 610w, https:\/\/www.extende.com\/wp-content\/uploads\/Logo_Altair-300x81.png 300w, https:\/\/www.extende.com\/wp-content\/uploads\/Logo_Altair-600x162.png 600w\" sizes=\"(max-width: 610px) 100vw, 610px\" \/><\/a><\/div>\n<p>&nbsp;<\/p>\n<p><span class=\"g-color2\">FLUX\u00ae<\/span> est un logiciel <span class=\"g-color2\">mature et reconnu<\/span>, avec 30 ans de d\u00e9veloppement et plus de 1000 r\u00e9f\u00e9rences dans le monde dans de nombreux secteurs industriels.<\/p>\n<p><span class=\"g-color2\">EXTENDE ma\u00eetrise pleinement le logiciel FLUX\u00ae<\/span> gr\u00e2ce \u00e0 la grande exp\u00e9rience d&rsquo;une partie de son \u00e9quipe dans le domaine des calculs par \u00e9l\u00e9ments finis.<\/p>\n<p>En tant que logiciel g\u00e9n\u00e9raliste, <span class=\"g-color2\">FLUX\u00ae<\/span> offre une parfaite compl\u00e9mentarit\u00e9 \u00e0 l&rsquo;approche semi-analytique de CIVA, ce qui permet d&rsquo;<span class=\"g-color2\">\u00e9largir le champ d\u2019applications<\/span> qu\u2019EXTENDE peut explorer pour vous :<\/p>\n<p>&nbsp;<\/p>\n<h2 class=\"titre-paragraphe\">En Courants de Foucault (ET)<\/h2>\n<p>&nbsp;<\/p>\n<h3 class=\"titre-paragraphe\">Applications dans l&rsquo;Inspection de Tubes G\u00e9n\u00e9rateurs de Vapeur<\/h3>\n<ul class=\"liste-carres-noirs\">\n<li>Influence des d\u00e9p\u00f4ts conducteurs :<\/li>\n<\/ul>\n<p>&nbsp;<\/p>\n<div style=\"text-align: center;\"><a class=\"mediabox\" title=\"\" href=\"https:\/\/www.extende.com\/wp-content\/uploads\/Flux_01.png\"><img loading=\"lazy\" decoding=\"async\" class=\"border alignnone wp-image-5353\" src=\"https:\/\/www.extende.com\/wp-content\/uploads\/Flux_01_Small.png\" alt=\"\" width=\"320\" height=\"230\" align=\"middle\" srcset=\"https:\/\/www.extende.com\/wp-content\/uploads\/Flux_01_Small.png 320w, https:\/\/www.extende.com\/wp-content\/uploads\/Flux_01_Small-300x216.png 300w\" sizes=\"auto, (max-width: 320px) 100vw, 320px\" \/><\/a> <a class=\"mediabox\" title=\"\" href=\"https:\/\/www.extende.com\/wp-content\/uploads\/Flux_02.png\"><img loading=\"lazy\" decoding=\"async\" class=\"border alignnone wp-image-5354\" src=\"https:\/\/www.extende.com\/wp-content\/uploads\/Flux_02.png\" alt=\"\" width=\"325\" height=\"230\" align=\"middle\" srcset=\"https:\/\/www.extende.com\/wp-content\/uploads\/Flux_02.png 335w, https:\/\/www.extende.com\/wp-content\/uploads\/Flux_02-300x212.png 300w\" sizes=\"auto, (max-width: 325px) 100vw, 325px\" \/><\/a><\/div>\n<p>&nbsp;<\/p>\n<ul class=\"liste-carres-noirs\">\n<li>Influence des plaques de support (plaques tubulaires, plaques entretoises) :<\/li>\n<\/ul>\n<p>&nbsp;<\/p>\n<div style=\"text-align: center;\"><a class=\"mediabox\" title=\"\" href=\"https:\/\/www.extende.com\/wp-content\/uploads\/Flux_03.png\"><img loading=\"lazy\" decoding=\"async\" class=\"border aligncenter wp-image-5356 size-full\" src=\"https:\/\/www.extende.com\/wp-content\/uploads\/Flux_03_Small.png\" alt=\"\" width=\"585\" height=\"250\" align=\"\" srcset=\"https:\/\/www.extende.com\/wp-content\/uploads\/Flux_03_Small.png 585w, https:\/\/www.extende.com\/wp-content\/uploads\/Flux_03_Small-300x128.png 300w\" sizes=\"auto, (max-width: 585px) 100vw, 585px\" \/><\/a><\/div>\n<p>&nbsp;<\/p>\n<ul class=\"liste-carres-noirs\">\n<li>Prise en compte des Zones de Transition de Dudgeonnage des tubes :<\/li>\n<\/ul>\n<p>&nbsp;<\/p>\n<div style=\"text-align: center;\"><a class=\"mediabox\" title=\"\" href=\"https:\/\/www.extende.com\/wp-content\/uploads\/Flux_04.png\"><img loading=\"lazy\" decoding=\"async\" class=\"border aligncenter wp-image-5358 size-full\" src=\"https:\/\/www.extende.com\/wp-content\/uploads\/Flux_04.png\" alt=\"\" width=\"538\" height=\"220\" srcset=\"https:\/\/www.extende.com\/wp-content\/uploads\/Flux_04.png 538w, https:\/\/www.extende.com\/wp-content\/uploads\/Flux_04-300x123.png 300w\" sizes=\"auto, (max-width: 538px) 100vw, 538px\" \/><\/a><\/div>\n<p>&nbsp;<\/p>\n<ul class=\"liste-carres-noirs\">\n<li>Etude de la r\u00e9ponse d\u2019une sonde Courant de Foucault dans des parties cintr\u00e9es :<\/li>\n<\/ul>\n<p>&nbsp;<\/p>\n<div style=\"text-align: center;\"><a class=\"mediabox\" title=\"\" href=\"https:\/\/www.extende.com\/wp-content\/uploads\/Flux_05.png\"><img loading=\"lazy\" decoding=\"async\" class=\"border aligncenter wp-image-5359 size-full\" src=\"https:\/\/www.extende.com\/wp-content\/uploads\/Flux_05_Small.png\" alt=\"\" width=\"442\" height=\"250\" srcset=\"https:\/\/www.extende.com\/wp-content\/uploads\/Flux_05_Small.png 442w, https:\/\/www.extende.com\/wp-content\/uploads\/Flux_05_Small-300x170.png 300w\" sizes=\"auto, (max-width: 442px) 100vw, 442px\" \/><\/a><\/div>\n<p>&nbsp;<\/p>\n<h3 class=\"titre-paragraphe\">G\u00e9om\u00e9trie complexe de pi\u00e8ces, sondes, d\u00e9fauts<\/h3>\n<p>&nbsp;<\/p>\n<div style=\"text-align: center;\"><a class=\"mediabox\" title=\"\" href=\"https:\/\/www.extende.com\/wp-content\/uploads\/Flux_06.png\"><img loading=\"lazy\" decoding=\"async\" class=\"border alignnone wp-image-5361\" src=\"https:\/\/www.extende.com\/wp-content\/uploads\/Flux_06_Small.png\" alt=\"\" width=\"352\" height=\"190\" align=\"middle\" srcset=\"https:\/\/www.extende.com\/wp-content\/uploads\/Flux_06_Small.png 400w, https:\/\/www.extende.com\/wp-content\/uploads\/Flux_06_Small-300x162.png 300w\" sizes=\"auto, (max-width: 352px) 100vw, 352px\" \/><\/a> <a class=\"mediabox\" title=\"\" href=\"https:\/\/www.extende.com\/wp-content\/uploads\/Flux_07.png\"><img loading=\"lazy\" decoding=\"async\" class=\"border alignnone wp-image-5362\" src=\"https:\/\/www.extende.com\/wp-content\/uploads\/Flux_07_Small.png\" alt=\"\" width=\"373\" height=\"190\" align=\"middle\" srcset=\"https:\/\/www.extende.com\/wp-content\/uploads\/Flux_07_Small.png 400w, https:\/\/www.extende.com\/wp-content\/uploads\/Flux_07_Small-300x153.png 300w\" sizes=\"auto, (max-width: 373px) 100vw, 373px\" \/><\/a><\/div>\n<p>&nbsp;<\/p>\n<div style=\"text-align: center;\"><a class=\"mediabox\" title=\"\" href=\"https:\/\/www.extende.com\/wp-content\/uploads\/Flux_08.png\"><img loading=\"lazy\" decoding=\"async\" class=\"alignnone wp-image-5365\" src=\"https:\/\/www.extende.com\/wp-content\/uploads\/Flux_08_Small.png\" alt=\"\" width=\"222\" height=\"190\" align=\"middle\" \/><\/a> <a class=\"mediabox\" title=\"\" href=\"https:\/\/www.extende.com\/wp-content\/uploads\/Flux_09.png\"><img loading=\"lazy\" decoding=\"async\" class=\"border alignnone wp-image-5366\" src=\"https:\/\/www.extende.com\/wp-content\/uploads\/Flux_09_Small.png\" alt=\"\" width=\"369\" height=\"190\" align=\"middle\" srcset=\"https:\/\/www.extende.com\/wp-content\/uploads\/Flux_09_Small.png 400w, https:\/\/www.extende.com\/wp-content\/uploads\/Flux_09_Small-300x155.png 300w\" sizes=\"auto, (max-width: 369px) 100vw, 369px\" \/><\/a><\/div>\n<p>&nbsp;<\/p>\n<h3 class=\"titre-paragraphe\">Influence des extr\u00e9mit\u00e9s de pi\u00e8ces<\/h3>\n<p>&nbsp;<\/p>\n<div style=\"text-align: center;\"><a class=\"mediabox\" title=\"\" href=\"https:\/\/www.extende.com\/wp-content\/uploads\/Flux_10.png\"><img loading=\"lazy\" decoding=\"async\" class=\"border aligncenter wp-image-5369 size-full\" src=\"https:\/\/www.extende.com\/wp-content\/uploads\/Flux_10_Small.png\" alt=\"\" width=\"400\" height=\"217\" srcset=\"https:\/\/www.extende.com\/wp-content\/uploads\/Flux_10_Small.png 400w, https:\/\/www.extende.com\/wp-content\/uploads\/Flux_10_Small-300x163.png 300w\" sizes=\"auto, (max-width: 400px) 100vw, 400px\" \/><\/a><\/div>\n<p>&nbsp;<\/p>\n<h2 class=\"titre-paragraphe\">Dans d&rsquo;autres m\u00e9thodes \u00e9lectromagn\u00e9tiques telles que la magn\u00e9toscopie (MT)<\/h2>\n<ul class=\"liste-carres-noirs\">\n<li>FLUX\u00ae affiche l&rsquo;amplitude et la direction du champ de magn\u00e9tisation.<\/li>\n<li>FLUX\u00ae aide \u00e0 d\u00e9terminer la couverture de zone (zone dans laquelle un d\u00e9faut peut \u00eatre d\u00e9tect\u00e9).<\/li>\n<li>Diff\u00e9rentes techniques de magn\u00e9tisation peuvent \u00eatre compar\u00e9es et optimis\u00e9es :<\/li>\n<\/ul>\n<p>&nbsp;<\/p>\n<h3 class=\"titre-paragraphe\">Magn\u00e9tisation indirecte (sol\u00e9no\u00efdes, noyaux magn\u00e9tiques, bobines inductrices mises en forme)<\/h3>\n<p>&nbsp;<\/p>\n<div style=\"text-align: center;\"><a class=\"mediabox\" title=\"\" href=\"https:\/\/www.extende.com\/wp-content\/uploads\/Flux_11.png\"><img loading=\"lazy\" decoding=\"async\" class=\"border alignnone wp-image-5371\" src=\"https:\/\/www.extende.com\/wp-content\/uploads\/Flux_11_Small.png\" alt=\"\" width=\"354\" height=\"200\" align=\"middle\" srcset=\"https:\/\/www.extende.com\/wp-content\/uploads\/Flux_11_Small.png 354w, https:\/\/www.extende.com\/wp-content\/uploads\/Flux_11_Small-300x169.png 300w\" sizes=\"auto, (max-width: 354px) 100vw, 354px\" \/><\/a> <a class=\"mediabox\" href=\"https:\/\/www.extende.com\/wp-content\/uploads\/Flux_12.png\"><img loading=\"lazy\" decoding=\"async\" class=\"border alignnone wp-image-5372\" src=\"https:\/\/www.extende.com\/wp-content\/uploads\/Flux_12.png\" alt=\"\" width=\"226\" height=\"200\" align=\"middle\" srcset=\"https:\/\/www.extende.com\/wp-content\/uploads\/Flux_12.png 486w, https:\/\/www.extende.com\/wp-content\/uploads\/Flux_12-300x265.png 300w\" sizes=\"auto, (max-width: 226px) 100vw, 226px\" \/><\/a><\/div>\n<p>&nbsp;<\/p>\n<h3 class=\"titre-paragraphe\">Magn\u00e9tisation directe : Par courants \u00e9lectriques inject\u00e9s dans la pi\u00e8ce<\/h3>\n<p>&nbsp;<\/p>\n<div style=\"text-align: center;\"><a class=\"mediabox\" title=\"\" href=\"https:\/\/www.extende.com\/wp-content\/uploads\/Flux_13.png\"><img loading=\"lazy\" decoding=\"async\" class=\"border aligncenter wp-image-5374 size-full\" src=\"https:\/\/www.extende.com\/wp-content\/uploads\/Flux_13_Small.png\" alt=\"\" width=\"500\" height=\"255\" srcset=\"https:\/\/www.extende.com\/wp-content\/uploads\/Flux_13_Small.png 500w, https:\/\/www.extende.com\/wp-content\/uploads\/Flux_13_Small-300x153.png 300w\" sizes=\"auto, (max-width: 500px) 100vw, 500px\" \/><\/a><\/div>\n<p>&nbsp;<\/p>\n<div style=\"text-align: center;\"><a href=\"http:\/\/www.edf.com\/\" target=\"_blank\" rel=\"noopener\"><img loading=\"lazy\" decoding=\"async\" class=\"no-border alignnone wp-image-5058\" style=\"margin-right: 20px;\" src=\"https:\/\/www.extende.com\/wp-content\/uploads\/Logo_EDF_Portrait.jpg\" alt=\"\" width=\"66\" height=\"90\" align=\"\" \/><\/a> <img loading=\"lazy\" decoding=\"async\" class=\"no-border alignnone wp-image-5376 size-full\" src=\"https:\/\/www.extende.com\/wp-content\/uploads\/Logo_DTG.png\" alt=\"\" width=\"259\" height=\"90\" align=\"\" \/><\/div>\n<p>&nbsp;<\/p>\n<h2 class=\"titre-paragraphe\">En Thermography (IRT)<\/h2>\n<ul class=\"liste-carres-noirs\">\n<li>Etudes de de cartographies de temp\u00e9ratures obtenues pour diff\u00e9rentes tailles de d\u00e9fauts, mat\u00e9riaux, fr\u00e9quences et dur\u00e9es de chauffe:<\/li>\n<\/ul>\n<p>&nbsp;<\/p>\n<h3 class=\"titre-paragraphe\">Exemple de thermographie par induction<\/h3>\n<p>&nbsp;<\/p>\n<div style=\"text-align: center;\"><a class=\"mediabox\" href=\"https:\/\/www.extende.com\/wp-content\/uploads\/Acier_100kHz_Chauffe10ms_L5H2_Rog.png\"><img loading=\"lazy\" decoding=\"async\" class=\"border alignnone wp-image-2822 size-full\" src=\"https:\/\/www.extende.com\/wp-content\/uploads\/Acier_100kHz_Chauffe10ms_L5H2_Rog_Small.png\" alt=\"\" width=\"195\" height=\"305\" align=\"middle\" srcset=\"https:\/\/www.extende.com\/wp-content\/uploads\/Acier_100kHz_Chauffe10ms_L5H2_Rog_Small.png 195w, https:\/\/www.extende.com\/wp-content\/uploads\/Acier_100kHz_Chauffe10ms_L5H2_Rog_Small-192x300.png 192w\" sizes=\"auto, (max-width: 195px) 100vw, 195px\" \/><\/a> <a class=\"mediabox\" href=\"https:\/\/www.extende.com\/wp-content\/uploads\/Inconel_100kHz_Chauffe100ms_L2-5H2_Rog.png\"><img loading=\"lazy\" decoding=\"async\" class=\"border alignnone wp-image-2823 size-full\" src=\"https:\/\/www.extende.com\/wp-content\/uploads\/Inconel_100kHz_Chauffe100ms_L2-5H2_Rog_Small.png\" alt=\"\" width=\"195\" height=\"305\" align=\"middle\" srcset=\"https:\/\/www.extende.com\/wp-content\/uploads\/Inconel_100kHz_Chauffe100ms_L2-5H2_Rog_Small.png 195w, https:\/\/www.extende.com\/wp-content\/uploads\/Inconel_100kHz_Chauffe100ms_L2-5H2_Rog_Small-192x300.png 192w\" sizes=\"auto, (max-width: 195px) 100vw, 195px\" \/><\/a> <a class=\"mediabox\" href=\"https:\/\/www.extende.com\/wp-content\/uploads\/Inconel_600kHz_Chauffe10ms_L5H2_Rog.png\"><img loading=\"lazy\" decoding=\"async\" class=\"border alignnone wp-image-2824 size-full\" src=\"https:\/\/www.extende.com\/wp-content\/uploads\/Inconel_600kHz_Chauffe10ms_L5H2_Rog_Small.png\" alt=\"\" width=\"195\" height=\"305\" align=\"middle\" srcset=\"https:\/\/www.extende.com\/wp-content\/uploads\/Inconel_600kHz_Chauffe10ms_L5H2_Rog_Small.png 195w, https:\/\/www.extende.com\/wp-content\/uploads\/Inconel_600kHz_Chauffe10ms_L5H2_Rog_Small-192x300.png 192w\" sizes=\"auto, (max-width: 195px) 100vw, 195px\" \/><\/a><\/div>\n<div style=\"text-align: center;\"><span class=\"couleur3\">Avec l&rsquo;aimable autorisation de SAFRAN TECH<\/span><\/div>\n<p>&nbsp;<\/p>\n<div style=\"text-align: center;\"><img loading=\"lazy\" decoding=\"async\" class=\"no-border wp-image-2828 aligncenter\" src=\"https:\/\/www.extende.com\/wp-content\/uploads\/Logo_Safran.png\" alt=\"\" width=\"299\" height=\"64\" align=\"\" srcset=\"https:\/\/www.extende.com\/wp-content\/uploads\/Logo_Safran.png 1400w, https:\/\/www.extende.com\/wp-content\/uploads\/Logo_Safran-300x64.png 300w, https:\/\/www.extende.com\/wp-content\/uploads\/Logo_Safran-1024x219.png 1024w, https:\/\/www.extende.com\/wp-content\/uploads\/Logo_Safran-768x165.png 768w, https:\/\/www.extende.com\/wp-content\/uploads\/Logo_Safran-600x129.png 600w\" sizes=\"auto, (max-width: 299px) 100vw, 299px\" \/><\/div>\n<p>&nbsp;<\/p>\n<h2 class=\"titre-paragraphe\">FLUX\u00ae peut \u00e9galement adresser la probl\u00e9matique des capteurs magn\u00e9tiques embarqu\u00e9s (SHM)<\/h2>\n<p>&nbsp;<\/p>\n<div style=\"text-align: center;\"><a class=\"mediabox\" title=\"\" href=\"https:\/\/www.extende.com\/wp-content\/uploads\/Flux_14.png\"><img loading=\"lazy\" decoding=\"async\" class=\"border aligncenter wp-image-5377 size-full\" src=\"https:\/\/www.extende.com\/wp-content\/uploads\/Flux_14_Small.png\" alt=\"\" width=\"350\" height=\"294\" srcset=\"https:\/\/www.extende.com\/wp-content\/uploads\/Flux_14_Small.png 350w, https:\/\/www.extende.com\/wp-content\/uploads\/Flux_14_Small-300x252.png 300w\" sizes=\"auto, (max-width: 350px) 100vw, 350px\" \/><\/a><\/div>\n<p>&nbsp;<\/p>\n<div style=\"text-align: center;\"><a href=\"http:\/\/www.eads.com\/\" target=\"_blank\" rel=\"noopener\"><img loading=\"lazy\" decoding=\"async\" class=\"no-border aligncenter wp-image-5379\" src=\"https:\/\/www.extende.com\/wp-content\/uploads\/Logo_EADS.jpg\" alt=\"\" width=\"200\" height=\"50\" align=\"\" \/><\/a><\/div>\n","protected":false},"excerpt":{"rendered":"<p>Le logiciel Flux, simulation \u00e9l\u00e9ments finis pour courants de Foucault, la magn\u00e9toscopie<\/p>\n","protected":false},"author":2,"featured_media":0,"parent":5348,"menu_order":0,"comment_status":"closed","ping_status":"closed","template":"templates\/page--extende.html.php","meta":{"_acf_changed":false,"footnotes":""},"class_list":["post-5381","page","type-page","status-publish","hentry"],"acf":[],"_links":{"self":[{"href":"https:\/\/www.extende.com\/fr\/wp-json\/wp\/v2\/pages\/5381","targetHints":{"allow":["GET"]}}],"collection":[{"href":"https:\/\/www.extende.com\/fr\/wp-json\/wp\/v2\/pages"}],"about":[{"href":"https:\/\/www.extende.com\/fr\/wp-json\/wp\/v2\/types\/page"}],"author":[{"embeddable":true,"href":"https:\/\/www.extende.com\/fr\/wp-json\/wp\/v2\/users\/2"}],"replies":[{"embeddable":true,"href":"https:\/\/www.extende.com\/fr\/wp-json\/wp\/v2\/comments?post=5381"}],"version-history":[{"count":3,"href":"https:\/\/www.extende.com\/fr\/wp-json\/wp\/v2\/pages\/5381\/revisions"}],"predecessor-version":[{"id":6315,"href":"https:\/\/www.extende.com\/fr\/wp-json\/wp\/v2\/pages\/5381\/revisions\/6315"}],"up":[{"embeddable":true,"href":"https:\/\/www.extende.com\/fr\/wp-json\/wp\/v2\/pages\/5348"}],"wp:attachment":[{"href":"https:\/\/www.extende.com\/fr\/wp-json\/wp\/v2\/media?parent=5381"}],"curies":[{"name":"wp","href":"https:\/\/api.w.org\/{rel}","templated":true}]}}