{"id":5391,"date":"2025-06-24T18:49:42","date_gmt":"2025-06-24T16:49:42","guid":{"rendered":"https:\/\/www.extende.com\/nos-services\/etudes-en-controle-non-destructif\/service-calculs-hpc-civa\/"},"modified":"2026-01-23T14:15:43","modified_gmt":"2026-01-23T13:15:43","slug":"service-calculs-hpc-civa","status":"publish","type":"page","link":"https:\/\/www.extende.com\/fr\/nos-services\/etudes-en-controle-non-destructif\/service-calculs-hpc-civa\/","title":{"rendered":"Service Calculs HPC CIVA"},"content":{"rendered":"<div class=\"corner-wrapper\">\n<div class=\"corner-frame\"><center><span class=\"g-color2\"><span class=\"g-color1\">EXTENDE<\/span> vous propose son service de calcul intensif <span class=\"g-color1\">CIVA<\/span> !<\/span><\/center><\/div>\n<\/div>\n<p>&nbsp;<\/p>\n<table>\n<tbody>\n<tr>\n<td>\n<p>Nous mettons <span class=\"g-color2\">notre cluster <\/span><span class=\"g-color1\">CIVA<\/span> <span class=\"g-color2\">\u00e0 votre disposition<\/span> pour vous permettre de r\u00e9aliser rapidement vos calculs <span class=\"g-color1\">CIVA<\/span> <span class=\"g-color2\">sans<\/span> avoir \u00e0 <span class=\"g-color2\">investir<\/span> dans une couteuse infrastructure informatique ni dans de multiples licences <span class=\"g-color1\">CIVA<\/span>.<\/p>\n<p><span class=\"g-color2\">Ne payez que le temps de calcul r<\/span><span class=\"g-color2\">\u00e9ellement utilis\u00e9<\/span>, plus de co\u00fbts fixes !<\/p>\n<p>Vos \u00e9quipes techniques ne seront plus limit\u00e9es par le temps de calcul ou la disponibilit\u00e9 des licences <span class=\"g-color1\">CIVA<\/span> , elles pourront ainsi \u00e9tudier de nombreuses configurations et envisager de multiples optimisations.<\/p>\n<p>Ces simulations vous permettront \u00e9galement d\u2019optimiser vos designs, et ainsi de r\u00e9duire le nombre de prototypes et essais.<\/p>\n<p>Fournissez-nous simplement vos fichiers <span class=\"g-color1\">CIVA<\/span> pr\u00eats \u00e0 simuler et nous lancerons les diff\u00e9rentes simulations sur notre cluster.<\/p>\n<p>A l\u2019issue de la simulation, <span class=\"g-color1\">EXTENDE<\/span> vous fournira les fichiers de simulation pr\u00eats pour exploitation sur votre licence <span class=\"g-color1\">CIVA<\/span>.<\/p>\n<\/td>\n<td><img decoding=\"async\" class=\"border alignright wp-image-5388\" style=\"float: right; margin: 10px;\" src=\"https:\/\/www.extende.com\/wp-content\/uploads\/Serveurs.jpg\" alt=\"\" height=\"250\" srcset=\"https:\/\/www.extende.com\/wp-content\/uploads\/Serveurs.jpg 828w, https:\/\/www.extende.com\/wp-content\/uploads\/Serveurs-300x210.jpg 300w, https:\/\/www.extende.com\/wp-content\/uploads\/Serveurs-768x538.jpg 768w, https:\/\/www.extende.com\/wp-content\/uploads\/Serveurs-600x420.jpg 600w\" sizes=\"(max-width: 828px) 100vw, 828px\" \/><\/td>\n<\/tr>\n<\/tbody>\n<\/table>\n<p>&nbsp;<\/p>\n<table>\n<tbody>\n<tr>\n<td><img decoding=\"async\" class=\"border alignleft wp-image-5389\" style=\"float: left; margin: 10px;\" src=\"https:\/\/www.extende.com\/wp-content\/uploads\/Disque_Serveur-1.jpg\" alt=\"\" height=\"250\" srcset=\"https:\/\/www.extende.com\/wp-content\/uploads\/Disque_Serveur-1.jpg 849w, https:\/\/www.extende.com\/wp-content\/uploads\/Disque_Serveur-1-300x200.jpg 300w, https:\/\/www.extende.com\/wp-content\/uploads\/Disque_Serveur-1-768x511.jpg 768w, https:\/\/www.extende.com\/wp-content\/uploads\/Disque_Serveur-1-600x399.jpg 600w\" sizes=\"(max-width: 849px) 100vw, 849px\" \/><\/td>\n<td>Notre offre, tr\u00e8s simple, se base sur une \u00e9valuation du temps de calcul \u00e0 partir d&rsquo;une ou plusieurs configurations nominales (fichiers *.civa, *.var ou *.pod) que vous nous aurez transmises.<\/p>\n<p><a class=\"g-lien\" href=\"https:\/\/www.extende.com\/fr\/contact\/\" target=\"_self\">Contactez-nous<\/a> pour en savoir plus et recevoir une offre !<\/p>\n<\/td>\n<\/tr>\n<\/tbody>\n<\/table>\n<p>&nbsp;<\/p>\n","protected":false},"excerpt":{"rendered":"<p>Extende, Simulation en contr\u00f4le non destructif, logiciel CIVA, ultrasons, UT, offres packag\u00e9es, HPC, calculs haute performance, clusters, multi c\u0153urs, calculs parall\u00e8les, SAAS, CIVA HPC, calculs intensifs, calculs distribu\u00e9s, simulations CND, optimisations CND<\/p>\n","protected":false},"author":2,"featured_media":0,"parent":5348,"menu_order":2,"comment_status":"closed","ping_status":"closed","template":"templates\/page--extende.html.php","meta":{"_acf_changed":false,"footnotes":""},"class_list":["post-5391","page","type-page","status-publish","hentry"],"acf":[],"_links":{"self":[{"href":"https:\/\/www.extende.com\/fr\/wp-json\/wp\/v2\/pages\/5391","targetHints":{"allow":["GET"]}}],"collection":[{"href":"https:\/\/www.extende.com\/fr\/wp-json\/wp\/v2\/pages"}],"about":[{"href":"https:\/\/www.extende.com\/fr\/wp-json\/wp\/v2\/types\/page"}],"author":[{"embeddable":true,"href":"https:\/\/www.extende.com\/fr\/wp-json\/wp\/v2\/users\/2"}],"replies":[{"embeddable":true,"href":"https:\/\/www.extende.com\/fr\/wp-json\/wp\/v2\/comments?post=5391"}],"version-history":[{"count":3,"href":"https:\/\/www.extende.com\/fr\/wp-json\/wp\/v2\/pages\/5391\/revisions"}],"predecessor-version":[{"id":7175,"href":"https:\/\/www.extende.com\/fr\/wp-json\/wp\/v2\/pages\/5391\/revisions\/7175"}],"up":[{"embeddable":true,"href":"https:\/\/www.extende.com\/fr\/wp-json\/wp\/v2\/pages\/5348"}],"wp:attachment":[{"href":"https:\/\/www.extende.com\/fr\/wp-json\/wp\/v2\/media?parent=5391"}],"curies":[{"name":"wp","href":"https:\/\/api.w.org\/{rel}","templated":true}]}}