{"id":5395,"date":"2025-06-24T18:49:42","date_gmt":"2025-06-24T16:49:42","guid":{"rendered":"https:\/\/www.extende.com\/nos-services\/formations-en-controle-non-destructif\/objectif-de-la-formation-civa\/"},"modified":"2025-07-15T17:21:06","modified_gmt":"2025-07-15T15:21:06","slug":"objectif-de-la-formation-civa","status":"publish","type":"page","link":"https:\/\/www.extende.com\/fr\/nos-services\/formations-en-controle-non-destructif\/objectif-de-la-formation-civa\/","title":{"rendered":"Objectif de la formation CIVA"},"content":{"rendered":"<p><img loading=\"lazy\" decoding=\"async\" class=\"alignright wp-image-5392\" style=\"float: right;\" src=\"https:\/\/www.extende.com\/wp-content\/uploads\/Chart_CIVA.jpg\" alt=\"\" width=\"254\" height=\"250\" srcset=\"https:\/\/www.extende.com\/wp-content\/uploads\/Chart_CIVA.jpg 400w, https:\/\/www.extende.com\/wp-content\/uploads\/Chart_CIVA-300x296.jpg 300w\" sizes=\"auto, (max-width: 254px) 100vw, 254px\" \/>Vous souhaitez <span class=\"g-color2\">\u00e9valuer<\/span>\u00a0 les possibilit\u00e9s du logiciel <span class=\"g-color1\">CIVA<\/span> avant d\u2019investir ?<\/p>\n<p>Vous \u00eates un <span class=\"g-color2\">nouvel utilisateur<\/span> <span class=\"g-color1\">CIVA<\/span>\u00a0?<\/p>\n<p>Vous \u00eates un <span class=\"g-color2\">utilisateur confirm\u00e9<\/span> mais souhaitez approfondir vos comp\u00e9tences\u00a0avec le logiciel <span class=\"g-color1\">CIVA<\/span>\u00a0?<\/p>\n<p>Afin de d\u00e9couvrir <span class=\"g-color1\">CIVA<\/span>, d\u2019appr\u00e9hender toutes ses fonctionnalit\u00e9s mais aussi de connaitre ses limites, nous proposons des sessions de <span class=\"g-color2\">formations adapt\u00e9es<\/span> \u00e0 chaque utilisateur, du d\u00e9butant au plus exp\u00e9riment\u00e9.<\/p>\n<p>Nos formateurs, forts d&rsquo;une maitrise parfaite des diff\u00e9rents modules offerts par le logiciel <span class=\"g-color1\">CIVA<\/span>, sont \u00e0 votre disposition tout au long de l&rsquo;ann\u00e9e afin de vous aider dans la prise en main et la maitrise du logiciel.<\/p>\n<p>Les formations alternent <span class=\"g-color2\">pr\u00e9sentations th\u00e9oriques<\/span> des diff\u00e9rents modules (selon vos demandes) et <span class=\"g-color2\">manipulation du logiciel<\/span> sur ordinateur personnalis\u00e9, gr\u00e2ce \u00e0 des cahiers de travaux pratiques. Ces cahiers sont mis \u00e0 jour \u00e0 chaque nouvelle sortie de version, et couvrent un large panel d\u2019applications dans la plupart des domaines CND.<\/p>\n<p>&nbsp;<\/p>\n<div style=\"text-align: center;\"><img loading=\"lazy\" decoding=\"async\" class=\"border aligncenter wp-image-5393\" src=\"https:\/\/www.extende.com\/wp-content\/uploads\/2012_12_Formation_IE_01.jpg\" alt=\"\" width=\"344\" height=\"310\" srcset=\"https:\/\/www.extende.com\/wp-content\/uploads\/2012_12_Formation_IE_01.jpg 1000w, https:\/\/www.extende.com\/wp-content\/uploads\/2012_12_Formation_IE_01-300x270.jpg 300w, https:\/\/www.extende.com\/wp-content\/uploads\/2012_12_Formation_IE_01-768x691.jpg 768w, https:\/\/www.extende.com\/wp-content\/uploads\/2012_12_Formation_IE_01-600x540.jpg 600w\" sizes=\"auto, (max-width: 344px) 100vw, 344px\" \/><\/div>\n<p>&nbsp;<\/p>\n<p>Nos formations vous permettrons de\u00a0:<\/p>\n<ul class=\"liste-carres-noirs\">\n<li>Prendre en main le logiciel<\/li>\n<li>D\u00e9couvrir les diff\u00e9rents modules propos\u00e9s<\/li>\n<li>D\u00e9couvrir les diff\u00e9rentes fonctionnalit\u00e9s propos\u00e9es<\/li>\n<li>Elargir et approfondir vos comp\u00e9tences<\/li>\n<\/ul>\n<p>&nbsp;<\/p>\n<p>Nous proposons des sessions de formations <span class=\"g-color2\">inter-entreprises<\/span>, <span class=\"g-color2\">intra-entreprises<\/span> ou <span class=\"g-color2\">sur mesures<\/span>. Gr\u00e2ce \u00e0 notre offre diversifi\u00e9e, vous pourrez choisir la formation <span class=\"g-color2\">la mieux adapt\u00e9e \u00e0 vos besoins<\/span>.<\/p>\n<p>Ces offres sont d\u00e9taill\u00e9es dans notre <a class=\"g-lien\" href=\"https:\/\/www.extende.com\/fr\/nos-services\/formations-en-controle-non-destructif\/notre-catalogue-de-formation-le-planning\/\" target=\"_self\">catalogue de formation<\/a>.<\/p>\n","protected":false},"excerpt":{"rendered":"<p>Les objectifs des formations CIVA propos\u00e9es par EXTENDE, formation simulation CND, formation CIVA<\/p>\n","protected":false},"author":2,"featured_media":0,"parent":5350,"menu_order":0,"comment_status":"closed","ping_status":"closed","template":"templates\/page--extende.html.php","meta":{"_acf_changed":false,"footnotes":""},"class_list":["post-5395","page","type-page","status-publish","hentry"],"acf":[],"_links":{"self":[{"href":"https:\/\/www.extende.com\/fr\/wp-json\/wp\/v2\/pages\/5395","targetHints":{"allow":["GET"]}}],"collection":[{"href":"https:\/\/www.extende.com\/fr\/wp-json\/wp\/v2\/pages"}],"about":[{"href":"https:\/\/www.extende.com\/fr\/wp-json\/wp\/v2\/types\/page"}],"author":[{"embeddable":true,"href":"https:\/\/www.extende.com\/fr\/wp-json\/wp\/v2\/users\/2"}],"replies":[{"embeddable":true,"href":"https:\/\/www.extende.com\/fr\/wp-json\/wp\/v2\/comments?post=5395"}],"version-history":[{"count":3,"href":"https:\/\/www.extende.com\/fr\/wp-json\/wp\/v2\/pages\/5395\/revisions"}],"predecessor-version":[{"id":6322,"href":"https:\/\/www.extende.com\/fr\/wp-json\/wp\/v2\/pages\/5395\/revisions\/6322"}],"up":[{"embeddable":true,"href":"https:\/\/www.extende.com\/fr\/wp-json\/wp\/v2\/pages\/5350"}],"wp:attachment":[{"href":"https:\/\/www.extende.com\/fr\/wp-json\/wp\/v2\/media?parent=5395"}],"curies":[{"name":"wp","href":"https:\/\/api.w.org\/{rel}","templated":true}]}}