{"id":5405,"date":"2025-06-24T18:49:43","date_gmt":"2025-06-24T16:49:43","guid":{"rendered":"https:\/\/www.extende.com\/nos-services\/formations-en-controle-non-destructif\/objectif-de-la-formation-fiabilite-en-end\/"},"modified":"2025-07-15T17:26:07","modified_gmt":"2025-07-15T15:26:07","slug":"objectif-de-la-formation-fiabilite-en-end","status":"publish","type":"page","link":"https:\/\/www.extende.com\/fr\/nos-services\/formations-en-controle-non-destructif\/objectif-de-la-formation-fiabilite-en-end\/","title":{"rendered":"Objectif de la formation Fiabilit\u00e9 en END"},"content":{"rendered":"<div class=\"corner-wrapper\">\n<div class=\"corner-frame\"><center><span class=\"g-color1\">EXTENDE<\/span>, en partenariat avec le <a class=\"g-lien\" title=\"CEA LIST\" href=\"http:\/\/www-list.cea.fr\/\" target=\"_blank\" rel=\"noopener\">CEA<\/a> et <a class=\"g-lien\" title=\"PHIMECA\" href=\"http:\/\/phimeca.com\/\" target=\"_blank\" rel=\"noopener\">PHIMECA<\/a>,<br \/>\nvous invite \u00e0 nous rejoindre\u00a0dans nos sessions de formation sur la <span class=\"g-color2\">Fiabilit\u00e9 en END<\/span>.<\/center><\/div>\n<\/div>\n<p>&nbsp;<\/p>\n<p><img loading=\"lazy\" decoding=\"async\" class=\"aligncenter wp-image-5404 size-full\" src=\"https:\/\/www.extende.com\/wp-content\/uploads\/Formation_Fiabilite_1_FR.jpg\" alt=\"\" width=\"632\" height=\"330\" srcset=\"https:\/\/www.extende.com\/wp-content\/uploads\/Formation_Fiabilite_1_FR.jpg 632w, https:\/\/www.extende.com\/wp-content\/uploads\/Formation_Fiabilite_1_FR-300x157.jpg 300w, https:\/\/www.extende.com\/wp-content\/uploads\/Formation_Fiabilite_1_FR-600x313.jpg 600w\" sizes=\"auto, (max-width: 632px) 100vw, 632px\" \/><\/p>\n<p>&nbsp;<\/p>\n<h2 class=\"titre-paragraphe\">La fiabilit\u00e9 en END<\/h2>\n<p>Les configurations de contr\u00f4le sont extr\u00eamement diverses, et dans un contexte d\u2019<span class=\"g-color2\">exigences toujours plus fortes<\/span> (s\u00e9curit\u00e9, co\u00fbt, performance, environnement) et d\u2019\u00e9mergence de <span class=\"g-color2\">nouvelles techniques<\/span>, appliquer une norme pour une inspection END n\u2019offre g\u00e9n\u00e9ralement pas une garantie suffisante pour atteindre les performances souhait\u00e9es.<\/p>\n<p>C\u2019est l\u00e0 qu\u2019interviennent les <span class=\"g-color2\">d\u00e9marches de qualification<\/span> qui doivent d\u00e9montrer qu\u2019un proc\u00e9d\u00e9 END atteint les performances requises dans les conditions dans lesquelles il sera appliqu\u00e9.<\/p>\n<p>En effet, une inspection repose sur la mesure et comme toute mesure, elle est soumise \u00e0 une certaine <span class=\"g-color2\">variabilit\u00e9 et incertitude<\/span>, et \u00e0 des facteurs de d\u00e9gradation. Cette variabilit\u00e9 a un <span class=\"g-color2\">impact sur la performance<\/span>, il faut l\u2019\u00e9valuer\u00a0pour assurer la fiabilit\u00e9 du contr\u00f4le.<\/p>\n<p>Ces d\u00e9marches sont <span class=\"g-color2\">couteuses<\/span>, des connaissances, des m\u00e9thodologies et des outils performants sont donc des pr\u00e9requis si l\u2019on veut <span class=\"g-color2\">gagner en efficience<\/span>\u00a0!<\/p>\n<p>&nbsp;<\/p>\n<h2 class=\"titre-paragraphe\">Pourquoi s\u2019inscrire \u00e0 cette formation ?<\/h2>\n<p>Vous souhaitez\u00a0:<\/p>\n<ul class=\"liste-carres-noirs\">\n<li><span class=\"g-color2\">Acqu\u00e9rir des connaissances<\/span> sur\u00a0:\n<ul class=\"liste-a-puces\">\n<li>Les d\u00e9marches et <span class=\"g-color2\">m\u00e9thodologies<\/span> de qualification des END existantes dans l\u2019industrie, les <span class=\"g-color2\">normes<\/span>, r\u00e9f\u00e9rentiels et guides pratiques,<\/li>\n<li>La prise en compte des <span class=\"g-color2\">param\u00e8tres influents<\/span>,<\/li>\n<li>Les <span class=\"g-color2\">indicateurs statistiques<\/span> utilis\u00e9s pour quantifier la fiabilit\u00e9 d\u2019un contr\u00f4le (<span class=\"g-color2\">analyse de sensibilit\u00e9<\/span>, <span class=\"g-color2\">POD<\/span>, fausses alarmes, etc.)<\/li>\n<\/ul>\n<\/li>\n<li><span class=\"g-color2\">Comprendre et maitriser<\/span> les hypoth\u00e8ses et raisonnements statistiques sous-jacents,<\/li>\n<li>Utiliser des <span class=\"g-color2\">outils<\/span> vous permettant d\u2019aborder concr\u00e8tement ces aspects dans un contexte END,<\/li>\n<li>D\u00e9couvrir comment la <span class=\"g-color2\">simulation<\/span> peut vous aider \u00e0 atteindre vos objectifs et <span class=\"g-color2\">r\u00e9duire vos co\u00fbts<\/span>\u00a0!<\/li>\n<\/ul>\n<p><span class=\"g-color3\">Cette formation est faite pour vous\u00a0!<\/span><\/p>\n<p>&nbsp;<\/p>\n<p><center><\/p>\n<p><a class=\"mediabox\" href=\"https:\/\/www.extende.com\/wp-content\/uploads\/POD_PFA_MH1823.png\"><img loading=\"lazy\" decoding=\"async\" class=\"border alignnone wp-image-5397\" src=\"https:\/\/www.extende.com\/wp-content\/uploads\/POD_PFA_MH1823.png\" alt=\"\" width=\"266\" height=\"300\" srcset=\"https:\/\/www.extende.com\/wp-content\/uploads\/POD_PFA_MH1823.png 611w, https:\/\/www.extende.com\/wp-content\/uploads\/POD_PFA_MH1823-266x300.png 266w, https:\/\/www.extende.com\/wp-content\/uploads\/POD_PFA_MH1823-600x676.png 600w\" sizes=\"auto, (max-width: 266px) 100vw, 266px\" \/><\/a> <a class=\"mediabox\" href=\"https:\/\/www.extende.com\/wp-content\/uploads\/Sobol_Indices.png\"><img loading=\"lazy\" decoding=\"async\" class=\"alignnone wp-image-5398\" src=\"https:\/\/www.extende.com\/wp-content\/uploads\/Sobol_Indices.png\" alt=\"\" width=\"480\" height=\"300\" srcset=\"https:\/\/www.extende.com\/wp-content\/uploads\/Sobol_Indices.png 1379w, https:\/\/www.extende.com\/wp-content\/uploads\/Sobol_Indices-300x187.png 300w, https:\/\/www.extende.com\/wp-content\/uploads\/Sobol_Indices-1024x639.png 1024w, https:\/\/www.extende.com\/wp-content\/uploads\/Sobol_Indices-768x480.png 768w, https:\/\/www.extende.com\/wp-content\/uploads\/Sobol_Indices-600x375.png 600w\" sizes=\"auto, (max-width: 480px) 100vw, 480px\" \/><\/a><\/p>\n<p><\/center><\/p>\n<p>&nbsp;<\/p>\n<h2 class=\"titre-paragraphe\">Les \u201cPlus\u201d de cette formation<\/h2>\n<ul class=\"liste-carres-noirs\">\n<li>Une approche multisectorielle visant \u00e0 vous apporter <span class=\"g-color2\">une vision globale<\/span> et le recul n\u00e9cessaire sur les m\u00e9thodologies existantes, de fa\u00e7on \u00e0 choisir une approche adapt\u00e9e \u00e0 votre contexte,<\/li>\n<li>De nombreux <span class=\"g-color2\">exercices pratiques<\/span> sur divers exemples et outils (calcul et analyse statistique, \u00a0mod\u00e9lisation, quizz et questions\/r\u00e9ponses, etc.) pour une <span class=\"g-color2\">approche pragmatique et p\u00e9dagogique de ces m\u00e9thodologies<\/span>,<\/li>\n<li>L\u2019utilisation de la <span class=\"g-color2\">simulation<\/span>, devenu v\u00e9ritablement un moyen puissant et accessible pour vous aider dans ce type de d\u00e9marche.<\/li>\n<\/ul>\n<p>&nbsp;<\/p>\n<p><center><\/p>\n<p><a class=\"mediabox\" href=\"https:\/\/www.extende.com\/wp-content\/uploads\/CIVA2017_MetaModels.png\"><img loading=\"lazy\" decoding=\"async\" class=\"alignnone wp-image-4875\" src=\"https:\/\/www.extende.com\/wp-content\/uploads\/CIVA2017_MetaModels.png\" alt=\"\" width=\"398\" height=\"225\" srcset=\"https:\/\/www.extende.com\/wp-content\/uploads\/CIVA2017_MetaModels.png 1300w, https:\/\/www.extende.com\/wp-content\/uploads\/CIVA2017_MetaModels-300x170.png 300w, https:\/\/www.extende.com\/wp-content\/uploads\/CIVA2017_MetaModels-1024x579.png 1024w, https:\/\/www.extende.com\/wp-content\/uploads\/CIVA2017_MetaModels-768x434.png 768w, https:\/\/www.extende.com\/wp-content\/uploads\/CIVA2017_MetaModels-600x339.png 600w\" sizes=\"auto, (max-width: 398px) 100vw, 398px\" \/><\/a><a class=\"mediabox\" href=\"https:\/\/www.extende.com\/wp-content\/uploads\/POD_Array.png\"><img loading=\"lazy\" decoding=\"async\" class=\"alignnone wp-image-4874\" src=\"https:\/\/www.extende.com\/wp-content\/uploads\/POD_Array.png\" alt=\"\" width=\"319\" height=\"225\" srcset=\"https:\/\/www.extende.com\/wp-content\/uploads\/POD_Array.png 999w, https:\/\/www.extende.com\/wp-content\/uploads\/POD_Array-300x212.png 300w, https:\/\/www.extende.com\/wp-content\/uploads\/POD_Array-768x542.png 768w, https:\/\/www.extende.com\/wp-content\/uploads\/POD_Array-600x423.png 600w\" sizes=\"auto, (max-width: 319px) 100vw, 319px\" \/><\/a><\/p>\n<p><\/center><\/p>\n<p>&nbsp;<\/p>\n<h2 class=\"titre-paragraphe\">Le programme<\/h2>\n<p>La formation se d\u00e9roule sur 3,5 jours\u00a0:<\/p>\n<h3 class=\"titre-paragraphe\">Jour 1\u00a0:<\/h3>\n<ul class=\"liste-carres-noirs\">\n<li><span class=\"g-color2\">Mesures et incertitudes :<\/span> D\u00e9finitions et outils statistiques\n<ul class=\"liste-a-puces\">\n<li>Fonction de densit\u00e9, fonction de r\u00e9partition, esp\u00e9rance, variance, quantile, mod\u00e9lisation par r\u00e9gression lin\u00e9aire, etc.<\/li>\n<li>Travaux pratiques: Approche exp\u00e9rimentale de la notion d\u2019incertitude, quelques exemples d\u2019application de la loi binomiale, construction d\u2019une droite de r\u00e9gression<\/li>\n<\/ul>\n<\/li>\n<li><span class=\"g-color2\">Produire une analyse en sensibilit\u00e9 :<\/span>\n<ul class=\"liste-a-puces\">\n<li>Les param\u00e8tres influents (d\u00e9finition et classification), interaction et corr\u00e9lation, m\u00e9thodologies, m\u00e9thodes de screening, indices de Sobol, m\u00e9tamod\u00e8les, etc.<\/li>\n<li>Travaux pratiques: Etablir et classer une liste de param\u00e8tres influents, Utilisation de la simulation et des m\u00e9tamod\u00e8les pour l\u2019analyse en sensibilit\u00e9<\/li>\n<\/ul>\n<\/li>\n<\/ul>\n<h3 class=\"titre-paragraphe\">Jour 2\u00a0:<\/h3>\n<ul class=\"liste-carres-noirs\">\n<li><span class=\"g-color2\">Indicateurs statistiques pour l\u2019\u00e9valuation de la fiabilit\u00e9 des END\u00a0:<\/span>\n<ul class=\"liste-a-puces\">\n<li>POD (approche binomiale, approche param\u00e9trique), Probabilit\u00e9 de Fausses Alarmes, Sp\u00e9cificit\u00e9, NPV, PPV, Courbes ROC, Incertitudes de dimensionnement, POR<\/li>\n<li>Travaux pratiques: Calculs de POD avec mod\u00e8le binomial, Construire et analyser des courbes POD avec les mod\u00e8les param\u00e9triques \u00e2 vs a et Hit-Miss, PFA<\/li>\n<\/ul>\n<\/li>\n<\/ul>\n<h3 class=\"titre-paragraphe\">Jour 3\u00a0:<\/h3>\n<ul class=\"liste-carres-noirs\">\n<li><span class=\"g-color2\">Le contexte normatif :<\/span>\n<ul class=\"liste-a-puces\">\n<li>Vue globale, Approches d\u00e9terministes et statistiques,\u00a0D\u00e9tails sur les principaux r\u00e9f\u00e9rentiels sur le sujet (RSEM, ASME-BPVC, DNV OS F101, MH1823A, ENIQ RP41)<\/li>\n<li>Travaux pratiques: Synth\u00e8ses sur les normes pr\u00e9sent\u00e9es<\/li>\n<\/ul>\n<\/li>\n<li><span class=\"g-color2\">M\u00e9thodes innovantes\u00a0:<\/span>\n<ul class=\"liste-a-puces\">\n<li>Apport de la simulation, MAPOD, utilisation conjointe simulations et exp\u00e9riences, POD \u00ab\u00a0avanc\u00e9es\u00a0\u00bb (courbes POD avec Min (POD)&gt;0 et max(POD)&lt;1, POD non param\u00e9triques, multi param\u00e8tres), probl\u00e9matiques et perspectives, bibliographie<\/li>\n<li>Travaux pratiques : Approche MAPOD via simulation et m\u00e9tamod\u00e8les<\/li>\n<\/ul>\n<\/li>\n<\/ul>\n<h3 class=\"titre-paragraphe\">Jour 4 (demi journ\u00e9e) :<\/h3>\n<ul class=\"liste-carres-noirs\">\n<li><span class=\"g-color2\">Application compl\u00e9mentaire via la simulation CIVA :<\/span>\n<ul class=\"liste-a-puces\">\n<li>Retour sur la d\u00e9marche globale de la m\u00e9thodologie MAPOD (de l\u2019analyse en sensibilit\u00e9 jusqu\u2019aux courbes POD)<\/li>\n<\/ul>\n<\/li>\n<li><span class=\"g-color2\">Questions \/ R\u00e9ponses, session ouverte<\/span><\/li>\n<\/ul>\n<p>&nbsp;<\/p>\n<p>Nous proposons des sessions inter-entreprises organis\u00e9es dans nos locaux mais nous pouvons aussi, sur demande, r\u00e9aliser des sessions d\u00e9di\u00e9es pour votre entreprise.<\/p>\n<p>Plus d\u2019informations sur les prix et sessions planifi\u00e9es dans notre <a class=\"g-lien\" href=\"https:\/\/www.extende.com\/fr\/nos-services\/formations-en-controle-non-destructif\/notre-catalogue-de-formation-le-planning\/\" target=\"_self\">catalogue de formation<\/a>.<\/p>\n<p>&nbsp;<\/p>\n<h2 class=\"titre-paragraphe\">Les outils<\/h2>\n<ul class=\"liste-carres-noirs\">\n<li>Open Office<\/li>\n<li><a class=\"g-lien\" href=\"https:\/\/www.extende.com\/fr\/generalites-sur-civa\" target=\"_self\">CIVA<\/a> (Licence <a class=\"g-lien\" title=\"CEA LIST\" href=\"http:\/\/www-list.cea.fr\/\" target=\"_blank\" rel=\"noopener\">CEA<\/a>)<\/li>\n<li><a class=\"g-lien\" title=\"MH1823 POD\" href=\"https:\/\/statistical-engineering.com\/mh1823-history\/\" target=\"_blank\" rel=\"noopener\">MH1823 POD<\/a> (avec l\u2019aimable autorisation de Charles Annis)<\/li>\n<\/ul>\n<p>&nbsp;<\/p>\n<p><center><\/p>\n<p><a title=\"CIVA\" href=\"https:\/\/www.extende.com\/fr\/civa-logiciel-de-simulation-cnd\/\"><img loading=\"lazy\" decoding=\"async\" class=\"alignnone wp-image-5399\" src=\"https:\/\/www.extende.com\/wp-content\/uploads\/logo-civa-nde.jpg\" alt=\"\" width=\"205\" height=\"75\" srcset=\"https:\/\/www.extende.com\/wp-content\/uploads\/logo-civa-nde.jpg 500w, https:\/\/www.extende.com\/wp-content\/uploads\/logo-civa-nde-300x110.jpg 300w\" sizes=\"auto, (max-width: 205px) 100vw, 205px\" \/><\/a>\u00a0 <a title=\"MH1823 POD\" href=\"https:\/\/statistical-engineering.com\/mh1823-history\/\" target=\"_blank\" rel=\"noopener\"><img loading=\"lazy\" decoding=\"async\" class=\"alignnone wp-image-5400\" src=\"https:\/\/www.extende.com\/wp-content\/uploads\/Logo_MH1823POD.gif\" alt=\"\" width=\"75\" height=\"75\" \/><\/a><\/p>\n<p><a title=\"CEA LIST\" href=\"http:\/\/www-list.cea.fr\/\" target=\"_blank\" rel=\"noopener\"><img loading=\"lazy\" decoding=\"async\" class=\"alignnone wp-image-5401\" style=\"margin-right: 20px;\" src=\"https:\/\/www.extende.com\/wp-content\/uploads\/Logo_CEA_Small.jpg\" alt=\"\" width=\"123\" height=\"100\" \/><\/a> <a title=\"Phimeca\" href=\"http:\/\/phimeca.com\/\" target=\"_blank\" rel=\"noopener\"><img loading=\"lazy\" decoding=\"async\" class=\"alignnone wp-image-5402\" style=\"margin-left: 20px;\" src=\"https:\/\/www.extende.com\/wp-content\/uploads\/Logo_Phimeca.jpg\" alt=\"\" width=\"126\" height=\"100\" \/><\/a><\/p>\n<p><\/center><\/p>\n","protected":false},"excerpt":{"rendered":"<p>EXTENDE, en partenariat avec le CEA et PHIMECA, vous invite \u00e0 nous rejoindre\u00a0dans nos sessions de formation sur la Fiabilit\u00e9 en END. &nbsp; &nbsp; La fiabilit\u00e9 en END Les configurations de contr\u00f4le sont extr\u00eamement diverses, et dans un contexte d\u2019exigences toujours plus fortes (s\u00e9curit\u00e9, co\u00fbt, performance, environnement) et d\u2019\u00e9mergence de nouvelles techniques, appliquer une norme [&hellip;]<\/p>\n","protected":false},"author":2,"featured_media":0,"parent":5350,"menu_order":1,"comment_status":"closed","ping_status":"closed","template":"templates\/page--extende.html.php","meta":{"_acf_changed":false,"footnotes":""},"class_list":["post-5405","page","type-page","status-publish","hentry"],"acf":[],"_links":{"self":[{"href":"https:\/\/www.extende.com\/fr\/wp-json\/wp\/v2\/pages\/5405","targetHints":{"allow":["GET"]}}],"collection":[{"href":"https:\/\/www.extende.com\/fr\/wp-json\/wp\/v2\/pages"}],"about":[{"href":"https:\/\/www.extende.com\/fr\/wp-json\/wp\/v2\/types\/page"}],"author":[{"embeddable":true,"href":"https:\/\/www.extende.com\/fr\/wp-json\/wp\/v2\/users\/2"}],"replies":[{"embeddable":true,"href":"https:\/\/www.extende.com\/fr\/wp-json\/wp\/v2\/comments?post=5405"}],"version-history":[{"count":3,"href":"https:\/\/www.extende.com\/fr\/wp-json\/wp\/v2\/pages\/5405\/revisions"}],"predecessor-version":[{"id":6328,"href":"https:\/\/www.extende.com\/fr\/wp-json\/wp\/v2\/pages\/5405\/revisions\/6328"}],"up":[{"embeddable":true,"href":"https:\/\/www.extende.com\/fr\/wp-json\/wp\/v2\/pages\/5350"}],"wp:attachment":[{"href":"https:\/\/www.extende.com\/fr\/wp-json\/wp\/v2\/media?parent=5405"}],"curies":[{"name":"wp","href":"https:\/\/api.w.org\/{rel}","templated":true}]}}