{"id":5411,"date":"2025-06-24T18:49:44","date_gmt":"2025-06-24T16:49:44","guid":{"rendered":"https:\/\/www.extende.com\/nos-services\/formations-en-controle-non-destructif\/notre-catalogue-de-formation-le-planning\/"},"modified":"2026-03-25T17:43:41","modified_gmt":"2026-03-25T16:43:41","slug":"notre-catalogue-de-formation-le-planning","status":"publish","type":"page","link":"https:\/\/www.extende.com\/fr\/nos-services\/formations-en-controle-non-destructif\/notre-catalogue-de-formation-le-planning\/","title":{"rendered":"Notre catalogue de formation, le planning"},"content":{"rendered":"<div class=\"corner-wrapper\">\n<div class=\"corner-frame\" style=\"text-align: center;\">Venez d\u00e9couvrir <span class=\"g-color1\">CIVA 2025<\/span>\u00a0en participant \u00e0 nos sessions de formation inter-entreprises : <span class=\"g-color2\">CIVA &amp; Applications<\/span><\/div>\n<\/div>\n<p><img loading=\"lazy\" decoding=\"async\" class=\"aligncenter wp-image-7272 size-full\" src=\"https:\/\/www.extende.com\/wp-content\/uploads\/CIVA_Training_2026.png\" alt=\"\" width=\"640\" height=\"340\" srcset=\"https:\/\/www.extende.com\/wp-content\/uploads\/CIVA_Training_2026.png 640w, https:\/\/www.extende.com\/wp-content\/uploads\/CIVA_Training_2026-300x159.png 300w, https:\/\/www.extende.com\/wp-content\/uploads\/CIVA_Training_2026-600x319.png 600w\" sizes=\"auto, (max-width: 640px) 100vw, 640px\" \/><\/p>\n<p>&nbsp;<\/p>\n<h2 class=\"titre-paragraphe\">A Massy, France<\/h2>\n<ul class=\"liste-carres-noirs\">\n<li>16 &#8211; 20 Mars 2026 (<a class=\"g-lien\" href=\"https:\/\/www.extende.com\/fr\/civa-logiciel-de-simulation-cnd\/modules-disponibles-dans-civa\/controle-par-ultrasons-avec-civa\/\" target=\"_self\">CIVA UT<\/a> et un module au choix, except\u00e9 CIVA ET)<\/li>\n<li>27 &#8211; 29 Mai 2026 (<a class=\"g-lien\" href=\"https:\/\/www.extende.com\/fr\/civa-logiciel-de-simulation-cnd\/modules-disponibles-dans-civa\/controle-par-courants-de-foucault-avec-civa\/\" target=\"_self\">CIVA ET<\/a>)<\/li>\n<li>01 &#8211; 05 Juin 2026 (<a class=\"g-lien\" href=\"https:\/\/www.extende.com\/fr\/civa-logiciel-de-simulation-cnd\/modules-disponibles-dans-civa\/controle-par-ultrasons-avec-civa\/\" target=\"_self\">CIVA UT<\/a> et un module au choix, except\u00e9 CIVA ET)<\/li>\n<li>21 &#8211; 25 Septembre 2026 (<a class=\"g-lien\" href=\"https:\/\/www.extende.com\/fr\/civa-logiciel-de-simulation-cnd\/modules-disponibles-dans-civa\/controle-par-ultrasons-avec-civa\/\" target=\"_self\">CIVA UT<\/a> et un module au choix, except\u00e9 CIVA ET)<\/li>\n<li>29 &#8211; 30 Septembre 2026 (<a class=\"g-lien\" href=\"https:\/\/www.extende.com\/fr\/civa-logiciel-de-simulation-cnd\/modules-disponibles-dans-civa\/controle-par-radiographie-et-gammagraphie-avec-civa\/\" target=\"_self\">CIVA RT<\/a>\/<a class=\"g-lien\" href=\"https:\/\/www.extende.com\/fr\/civa-logiciel-de-simulation-cnd\/modules-disponibles-dans-civa\/controle-par-tomographie-avec-civa\/\" target=\"_self\">CT<\/a>)<\/li>\n<li>04 &#8211; 06 Novembre 2026 (<a class=\"g-lien\" href=\"https:\/\/www.extende.com\/fr\/civa-logiciel-de-simulation-cnd\/modules-disponibles-dans-civa\/controle-par-courants-de-foucault-avec-civa\/\" target=\"_self\">CIVA ET<\/a>)<\/li>\n<li>30 Novembre &#8211; 04 D\u00e9cembre 2026 (<a class=\"g-lien\" href=\"https:\/\/www.extende.com\/fr\/civa-logiciel-de-simulation-cnd\/modules-disponibles-dans-civa\/controle-par-ultrasons-avec-civa\/\" target=\"_self\">CIVA UT<\/a> et un module au choix, except\u00e9 CIVA ET)<\/li>\n<\/ul>\n<p>&nbsp;<\/p>\n<h2 class=\"titre-paragraphe\">En Virginie, Etats-Unis<\/h2>\n<ul class=\"liste-carres-noirs\">\n<li>20 &#8211; 24 Avril 2026 (<a class=\"g-lien\" href=\"https:\/\/www.extende.com\/fr\/civa-logiciel-de-simulation-cnd\/modules-disponibles-dans-civa\/controle-par-ultrasons-avec-civa\/\" target=\"_self\">CIVA UT<\/a> et fonctionnalit\u00e9s UT Avanc\u00e9es)<\/li>\n<li>14 &#8211; 18 Septembre 2026 (<a class=\"g-lien\" href=\"https:\/\/www.extende.com\/fr\/civa-logiciel-de-simulation-cnd\/modules-disponibles-dans-civa\/controle-par-ultrasons-avec-civa\/\" target=\"_self\">CIVA UT<\/a> et <a class=\"g-lien\" href=\"https:\/\/www.extende.com\/fr\/civa-logiciel-de-simulation-cnd\/modules-disponibles-dans-civa\/analyse-de-controles-par-ultrasons-avec-civa\/\">CIVA Analyse<\/a>)<\/li>\n<\/ul>\n<p>&nbsp;<\/p>\n<div class=\"corner-wrapper\">\n<div class=\"corner-frame\" style=\"text-align: center;\">Venez d\u00e9couvrir notre nouvelle formation <span class=\"g-color2\">Fiabilit\u00e9 en END<\/span><\/div>\n<\/div>\n<p><img loading=\"lazy\" decoding=\"async\" class=\"no-border aligncenter wp-image-5404 size-full\" src=\"https:\/\/www.extende.com\/wp-content\/uploads\/Formation_Fiabilite_1_FR.jpg\" alt=\"\" width=\"632\" height=\"330\" srcset=\"https:\/\/www.extende.com\/wp-content\/uploads\/Formation_Fiabilite_1_FR.jpg 632w, https:\/\/www.extende.com\/wp-content\/uploads\/Formation_Fiabilite_1_FR-300x157.jpg 300w, https:\/\/www.extende.com\/wp-content\/uploads\/Formation_Fiabilite_1_FR-600x313.jpg 600w\" sizes=\"auto, (max-width: 632px) 100vw, 632px\" \/><\/p>\n<p>&nbsp;<\/p>\n<h2 class=\"titre-paragraphe\">A Massy, France<\/h2>\n<ul class=\"liste-carres-noirs\">\n<li>21 &#8211; 24 Avril 2026 (<img decoding=\"async\" class=\"drapeaux alignnone wp-image-4815\" src=\"https:\/\/www.extende.com\/wp-content\/uploads\/actu-en.png\" alt=\"Anglais\" \/> Anglais)<\/li>\n<li>20 &#8211; 23 Octobre 2026 (<img decoding=\"async\" class=\"drapeaux alignnone wp-image-4815\" src=\"https:\/\/www.extende.com\/wp-content\/uploads\/actu-fr.png\" alt=\"Fran\u00e7ais\" \/> Fran\u00e7ais)<\/li>\n<\/ul>\n<p>&nbsp;<\/p>\n<h2 class=\"titre-paragraphe\">En Virginie, Etats-Unis<\/h2>\n<ul class=\"liste-carres-noirs\">\n<li>24 &#8211; 27 Mars 2026 (<img decoding=\"async\" class=\"drapeaux alignnone wp-image-4815\" src=\"https:\/\/www.extende.com\/wp-content\/uploads\/actu-en.png\" alt=\"Anglais\" \/> Anglais)<\/li>\n<\/ul>\n<p>&nbsp;<\/p>\n<div class=\"corner-wrapper\">\n<div class=\"corner-frame\" style=\"text-align: center;\">Des formations d\u00e9di\u00e9es sont \u00e9galement r\u00e9alis\u00e9es sur demande (chez <span class=\"g-color1\">EXTENDE<\/span> ou sur votre site).<\/div>\n<\/div>\n<p>&nbsp;<\/p>\n<p>Gr\u00e2ce \u00e0 notre offre diversifi\u00e9e de formations <span class=\"g-color2\">inter-entreprises<\/span>, <span class=\"g-color2\">intra-entreprises<\/span> ou <span class=\"g-color2\">sur mesures<\/span>, vous pourrez choisir la formation <span class=\"g-color2\">la mieux adapt\u00e9e \u00e0 vos besoins<\/span>.<\/p>\n<p>&nbsp;<\/p>\n<div class=\"corner-wrapper\">\n<div class=\"corner-frame\" style=\"text-align: center;\"><span class=\"g-color1\">EXTENDE<\/span> est r\u00e9f\u00e9renc\u00e9 selon le r\u00e9f\u00e9rentiel <span class=\"g-color2\">QUALIOPI<\/span> depuis Novembre 2021.<br \/>\nCeci implique que chaque financeur \/ OPCA peut d\u00e9sormais nous inscrire dans son catalogue de r\u00e9f\u00e9rence, selon ses propres modalit\u00e9s, afin de vous faire b\u00e9n\u00e9ficier d\u2019un financement pour cette formation.<\/div>\n<\/div>\n<div style=\"text-align: center;\"><a title=\"(Nouvelle fen\u00eatre)\" href=\"https:\/\/www.extende.com\/wp-content\/uploads\/Certificat_Qualiopi_EXTENDE_FR.pdf\" target=\"_blank\" rel=\"noopener\"><img decoding=\"async\" class=\"border alignnone wp-image-5409\" src=\"https:\/\/www.extende.com\/wp-content\/uploads\/Logo_Qualiopi.png\" alt=\"\" width=\"200\" \/><\/a><\/div>\n","protected":false},"excerpt":{"rendered":"<p>Le catalogue de formation CIVA propos\u00e9 par EXTENDE<\/p>\n","protected":false},"author":2,"featured_media":0,"parent":5350,"menu_order":2,"comment_status":"closed","ping_status":"closed","template":"templates\/page--extende.html.php","meta":{"_acf_changed":false,"footnotes":""},"class_list":["post-5411","page","type-page","status-publish","hentry"],"acf":[],"_links":{"self":[{"href":"https:\/\/www.extende.com\/fr\/wp-json\/wp\/v2\/pages\/5411","targetHints":{"allow":["GET"]}}],"collection":[{"href":"https:\/\/www.extende.com\/fr\/wp-json\/wp\/v2\/pages"}],"about":[{"href":"https:\/\/www.extende.com\/fr\/wp-json\/wp\/v2\/types\/page"}],"author":[{"embeddable":true,"href":"https:\/\/www.extende.com\/fr\/wp-json\/wp\/v2\/users\/2"}],"replies":[{"embeddable":true,"href":"https:\/\/www.extende.com\/fr\/wp-json\/wp\/v2\/comments?post=5411"}],"version-history":[{"count":4,"href":"https:\/\/www.extende.com\/fr\/wp-json\/wp\/v2\/pages\/5411\/revisions"}],"predecessor-version":[{"id":7276,"href":"https:\/\/www.extende.com\/fr\/wp-json\/wp\/v2\/pages\/5411\/revisions\/7276"}],"up":[{"embeddable":true,"href":"https:\/\/www.extende.com\/fr\/wp-json\/wp\/v2\/pages\/5350"}],"wp:attachment":[{"href":"https:\/\/www.extende.com\/fr\/wp-json\/wp\/v2\/media?parent=5411"}],"curies":[{"name":"wp","href":"https:\/\/api.w.org\/{rel}","templated":true}]}}