{"id":5416,"date":"2025-06-24T18:51:14","date_gmt":"2025-06-24T16:51:14","guid":{"rendered":"https:\/\/www.extende.com\/lentreprise\/"},"modified":"2025-07-02T17:24:57","modified_gmt":"2025-07-02T15:24:57","slug":"lentreprise","status":"publish","type":"page","link":"https:\/\/www.extende.com\/fr\/lentreprise\/","title":{"rendered":"L&rsquo;entreprise"},"content":{"rendered":"<h2 class=\"titre-paragraphe\">Notre histoire<\/h2>\n<p><img decoding=\"async\" class=\"border alignnone wp-image-5412\" src=\"https:\/\/www.extende.com\/wp-content\/uploads\/CIVA_Misc_01.jpg\" alt=\"\" width=\"210\" align=\"right\" \/><\/p>\n<p>La soci\u00e9t\u00e9 <span class=\"g-color1\">EXTENDE<\/span> a d\u00e9but\u00e9 ses activit\u00e9s le 1<sup>er<\/sup> Janvier 2010.<\/p>\n<p><span class=\"g-color1\">EXTENDE<\/span> est le r\u00e9sultat de la collaboration du <a class=\"g-lien\" title=\"\" href=\"http:\/\/www-civa.cea.fr\/\">CEA LIST<\/a>, centre de recherche \u00e0 la pointe de l\u2019innovation sur les techniques CND et d\u00e9veloppeur historique de la plate-forme CIVA, et CEDRAT, distributeur de CIVA de 2005 \u00e0 2009 dont l&rsquo;action a contribu\u00e9 \u00e0 installer CIVA comme la solution logicielle <span class=\"g-color2\">leader mondial en mod\u00e9lisation des CND<\/span>.<\/p>\n<p>En Ao\u00fbt 2011, <span class=\"g-color1\">EXTENDE<\/span> a cr\u00e9\u00e9 <span class=\"g-color1\">EXTENDE Inc.<\/span>, sa filiale aux Etats-Unis, afin de se rapprocher de ses clients Nord-Am\u00e9ricains.<\/p>\n<p>&nbsp;<\/p>\n<h2 class=\"titre-paragraphe\">Notre mission<\/h2>\n<p><img decoding=\"async\" class=\"border alignnone wp-image-5413\" src=\"https:\/\/www.extende.com\/wp-content\/uploads\/CIVA_Misc_02.jpg\" alt=\"\" width=\"210\" align=\"right\" \/><\/p>\n<p>Nous croyons que des <span class=\"g-color2\">CND de haute qualit\u00e9<\/span> et <span class=\"g-color2\">innovants<span class=\"mise-en-valeur2\">\u00a0<\/span><\/span>permettront de rendre le monde plus <span class=\"g-color2\">s\u00fbr<\/span> et de <span class=\"g-color2\">pr\u00e9server l&rsquo;environnement<\/span><span style=\"line-height: 1.5em;\">.\u00a0<\/span><\/p>\n<p>En cons\u00e9quence, notre mission est de porter les b\u00e9n\u00e9fices de la <span class=\"g-color2\">simulation\u00a0<\/span>et de la <span class=\"g-color2\">m\u00e9thodologie de d\u00e9veloppement END<\/span>\u00a0vers les entreprises<\/p>\n<p>Nous consid\u00e9rons que la <span class=\"g-color2\">simulation<\/span> et le <span class=\"g-color2\">raisonnement<\/span> sont les valeurs cl\u00e9s de l\u2019efficacit\u00e9 en CND.<\/p>\n<p>Acteur <span class=\"g-color2\">ind\u00e9pendant et neutre<\/span>, s&rsquo;appuyant sur un centre d&rsquo;<span class=\"g-color2\">innovation<\/span> reconnu, la <span class=\"g-color2\">r\u00e9activit\u00e9<\/span> et la <span class=\"g-color2\">confidentialit\u00e9<\/span> sont des valeurs sur lesquelles nous nous engageons.<\/p>\n<p>&nbsp;<\/p>\n<h2 class=\"titre-paragraphe\">Nos objectifs<\/h2>\n<p>Les objectifs d&rsquo;<span class=\"g-color1\">EXTENDE<\/span> sont de :<\/p>\n<ul class=\"liste-carres-noirs\">\n<li>\n<p><img decoding=\"async\" class=\"border alignnone wp-image-5414\" src=\"https:\/\/www.extende.com\/wp-content\/uploads\/CIVA_Misc_03.jpg\" alt=\"\" width=\"210\" align=\"right\" srcset=\"https:\/\/www.extende.com\/wp-content\/uploads\/CIVA_Misc_03.jpg 352w, https:\/\/www.extende.com\/wp-content\/uploads\/CIVA_Misc_03-300x249.jpg 300w\" sizes=\"(max-width: 352px) 100vw, 352px\" \/><\/p>\n<p>Rechercher la ma\u00eetrise des performances, am\u00e9liorer les techniques existantes, promouvoir la mise en \u0153uvre de <span class=\"g-color2\">solutions innovantes<\/span><\/li>\n<li>Mettre en avant la <span class=\"g-color2\">simulation<\/span>, le <span class=\"g-color2\">raisonnement<\/span>, la prise de recul et l&rsquo;expertise comme vecteurs d&rsquo;am\u00e9lioration et de comp\u00e9titivit\u00e9 \u00e0 toutes les \u00e9tapes du processus<\/li>\n<li>Proposer, par le biais d&rsquo;une vision globale et compl\u00e9mentaire, des solutions <span class=\"g-color2\">adapt\u00e9es<\/span> (techniquement et \u00e9conomiquement) aux situations rencontr\u00e9es<\/li>\n<li>Constituer un acteur <span class=\"g-color2\">neutre<\/span> et <span class=\"g-color2\">ind\u00e9pendant<\/span> poss\u00e9dant une exp\u00e9rience op\u00e9rationnelle et s&rsquo;appuyant sur un centre reconnu d&rsquo;innovation.<\/li>\n<\/ul>\n","protected":false},"excerpt":{"rendered":"<p>Quelques mots sur l&rsquo;histoire d&rsquo;EXTENDE, Extende distributeur de CIVA, logiciel de simulation CND<\/p>\n","protected":false},"author":2,"featured_media":0,"parent":0,"menu_order":0,"comment_status":"closed","ping_status":"closed","template":"templates\/page--extende.html.php","meta":{"_acf_changed":false,"footnotes":""},"class_list":["post-5416","page","type-page","status-publish","hentry"],"acf":[],"_links":{"self":[{"href":"https:\/\/www.extende.com\/fr\/wp-json\/wp\/v2\/pages\/5416","targetHints":{"allow":["GET"]}}],"collection":[{"href":"https:\/\/www.extende.com\/fr\/wp-json\/wp\/v2\/pages"}],"about":[{"href":"https:\/\/www.extende.com\/fr\/wp-json\/wp\/v2\/types\/page"}],"author":[{"embeddable":true,"href":"https:\/\/www.extende.com\/fr\/wp-json\/wp\/v2\/users\/2"}],"replies":[{"embeddable":true,"href":"https:\/\/www.extende.com\/fr\/wp-json\/wp\/v2\/comments?post=5416"}],"version-history":[{"count":3,"href":"https:\/\/www.extende.com\/fr\/wp-json\/wp\/v2\/pages\/5416\/revisions"}],"predecessor-version":[{"id":6025,"href":"https:\/\/www.extende.com\/fr\/wp-json\/wp\/v2\/pages\/5416\/revisions\/6025"}],"wp:attachment":[{"href":"https:\/\/www.extende.com\/fr\/wp-json\/wp\/v2\/media?parent=5416"}],"curies":[{"name":"wp","href":"https:\/\/api.w.org\/{rel}","templated":true}]}}