{"id":5436,"date":"2025-06-24T18:51:16","date_gmt":"2025-06-24T16:51:16","guid":{"rendered":"https:\/\/www.extende.com\/lentreprise\/lequipe\/"},"modified":"2025-09-19T15:46:16","modified_gmt":"2025-09-19T13:46:16","slug":"lequipe","status":"publish","type":"page","link":"https:\/\/www.extende.com\/fr\/lentreprise\/lequipe\/","title":{"rendered":"L&rsquo;\u00e9quipe"},"content":{"rendered":"<p>Extende r\u00e9unit au sein d&rsquo;une m\u00eame \u00e9quipe des <span class=\"g-color2\">exp\u00e9riences<\/span> tr\u00e8s compl\u00e9mentaires :<\/p>\n<ul class=\"liste-carres-noirs\">\n<li>La vision <span class=\"g-color2\">industrielle<\/span>, pragmatique, fond\u00e9e sur la pratique pendant de nombreuses ann\u00e9es des inspections en services, des qualifications et d\u00e9monstrations de performances ainsi que de la gestion de projets.<\/li>\n<li>La vision <span class=\"g-color2\">innovante<\/span>, fond\u00e9e sur une participation active dans un des laboratoires de recherche les plus r\u00e9put\u00e9s, une connaissance parfaite du logiciel de <span class=\"g-color2\">simulation leader mondial<\/span> (<a class=\"g-lien\" href=\"https:\/\/www.extende.com\/fr\/civa-logiciel-de-simulation-cnd\/\">CIVA<\/a>) et la participation \u00e0 plusieurs projets de recherches.<\/li>\n<\/ul>\n","protected":false},"excerpt":{"rendered":"<p>Rencontre des collaborateurs d&rsquo;Extende<\/p>\n","protected":false},"author":2,"featured_media":0,"parent":5416,"menu_order":0,"comment_status":"closed","ping_status":"closed","template":"templates\/page--extende.html.php","meta":{"_acf_changed":false,"footnotes":""},"class_list":["post-5436","page","type-page","status-publish","hentry"],"acf":[],"_links":{"self":[{"href":"https:\/\/www.extende.com\/fr\/wp-json\/wp\/v2\/pages\/5436","targetHints":{"allow":["GET"]}}],"collection":[{"href":"https:\/\/www.extende.com\/fr\/wp-json\/wp\/v2\/pages"}],"about":[{"href":"https:\/\/www.extende.com\/fr\/wp-json\/wp\/v2\/types\/page"}],"author":[{"embeddable":true,"href":"https:\/\/www.extende.com\/fr\/wp-json\/wp\/v2\/users\/2"}],"replies":[{"embeddable":true,"href":"https:\/\/www.extende.com\/fr\/wp-json\/wp\/v2\/comments?post=5436"}],"version-history":[{"count":3,"href":"https:\/\/www.extende.com\/fr\/wp-json\/wp\/v2\/pages\/5436\/revisions"}],"predecessor-version":[{"id":6895,"href":"https:\/\/www.extende.com\/fr\/wp-json\/wp\/v2\/pages\/5436\/revisions\/6895"}],"up":[{"embeddable":true,"href":"https:\/\/www.extende.com\/fr\/wp-json\/wp\/v2\/pages\/5416"}],"wp:attachment":[{"href":"https:\/\/www.extende.com\/fr\/wp-json\/wp\/v2\/media?parent=5436"}],"curies":[{"name":"wp","href":"https:\/\/api.w.org\/{rel}","templated":true}]}}