{"id":5459,"date":"2025-06-24T18:51:20","date_gmt":"2025-06-24T16:51:20","guid":{"rendered":"https:\/\/www.extende.com\/lentreprise\/nos-offres-demploi\/"},"modified":"2025-07-15T16:44:31","modified_gmt":"2025-07-15T14:44:31","slug":"nos-offres-demploi","status":"publish","type":"page","link":"https:\/\/www.extende.com\/fr\/lentreprise\/nos-offres-demploi\/","title":{"rendered":"Nos offres d&#8217;emploi"},"content":{"rendered":"<p>Le Contr\u00f4le Non Destructif est un <span class=\"g-color2\">domaine en pleine expansion<\/span>.<\/p>\n<p>Assurer la s\u00e9curit\u00e9 des\u00a0 infrastructures dans la plupart des domaines industriels requiert <span class=\"g-color2\">rigueur<\/span> et <span class=\"g-color2\">anticipation<\/span>.<\/p>\n<div>\u00a0<\/div>\n<div style=\"text-align: center;\"><img loading=\"lazy\" decoding=\"async\" class=\"border alignnone wp-image-5456\" style=\"margin-right: 10px;\" src=\"https:\/\/www.extende.com\/wp-content\/uploads\/Opportunite.jpg\" alt=\"\" width=\"293\" height=\"190\" srcset=\"https:\/\/www.extende.com\/wp-content\/uploads\/Opportunite.jpg 400w, https:\/\/www.extende.com\/wp-content\/uploads\/Opportunite-300x194.jpg 300w\" sizes=\"auto, (max-width: 293px) 100vw, 293px\" \/><img loading=\"lazy\" decoding=\"async\" class=\"border alignnone wp-image-5457\" src=\"https:\/\/www.extende.com\/wp-content\/uploads\/Diplomes.jpg\" alt=\"\" width=\"274\" height=\"190\" \/><\/div>\n<p>&nbsp;<\/p>\n<p>Vous souhaitez faire <span class=\"g-color2\">carri\u00e8re<\/span> dans ce domaine\u00a0? Vous avez parcouru notre site Internet, et vous vous sentez <span class=\"g-color2\">en phase<\/span> avec nos valeurs ? Vous souhaitez partager notre mission, int\u00e9grer notre <span class=\"g-color2\">\u00e9quipe<\/span>\u00a0?<\/p>\n<p>Envoyez-nous d\u00e8s aujourd&rsquo;hui votre CV, accompagn\u00e9 d\u2019une lettre de motivation, \u00e0 <span class=\"mise-en-valeur0\">contact[at]extende.com<\/span>. Nous \u00e9tudierons votre candidature avec attention.<\/p>\n<p>Nous recrutons \u00e9galement des stagiaires de fa\u00e7on plus ponctuelle. Si vous \u00eates int\u00e9ress\u00e9(e), n\u2019h\u00e9sitez pas \u00e0 <a class=\"g-lien\" href=\"https:\/\/www.extende.com\/fr\/contact\/\" target=\"_self\">nous contacter<\/a>.<\/p>\n","protected":false},"excerpt":{"rendered":"<p>Le recrutement chez EXTENDE<\/p>\n","protected":false},"author":2,"featured_media":0,"parent":5416,"menu_order":3,"comment_status":"closed","ping_status":"closed","template":"templates\/page--extende.html.php","meta":{"_acf_changed":false,"footnotes":""},"class_list":["post-5459","page","type-page","status-publish","hentry"],"acf":[],"_links":{"self":[{"href":"https:\/\/www.extende.com\/fr\/wp-json\/wp\/v2\/pages\/5459","targetHints":{"allow":["GET"]}}],"collection":[{"href":"https:\/\/www.extende.com\/fr\/wp-json\/wp\/v2\/pages"}],"about":[{"href":"https:\/\/www.extende.com\/fr\/wp-json\/wp\/v2\/types\/page"}],"author":[{"embeddable":true,"href":"https:\/\/www.extende.com\/fr\/wp-json\/wp\/v2\/users\/2"}],"replies":[{"embeddable":true,"href":"https:\/\/www.extende.com\/fr\/wp-json\/wp\/v2\/comments?post=5459"}],"version-history":[{"count":3,"href":"https:\/\/www.extende.com\/fr\/wp-json\/wp\/v2\/pages\/5459\/revisions"}],"predecessor-version":[{"id":6303,"href":"https:\/\/www.extende.com\/fr\/wp-json\/wp\/v2\/pages\/5459\/revisions\/6303"}],"up":[{"embeddable":true,"href":"https:\/\/www.extende.com\/fr\/wp-json\/wp\/v2\/pages\/5416"}],"wp:attachment":[{"href":"https:\/\/www.extende.com\/fr\/wp-json\/wp\/v2\/media?parent=5459"}],"curies":[{"name":"wp","href":"https:\/\/api.w.org\/{rel}","templated":true}]}}