{"id":5461,"date":"2025-06-24T18:51:20","date_gmt":"2025-06-24T16:51:20","guid":{"rendered":"https:\/\/www.extende.com\/lentreprise\/contactez-nous\/"},"modified":"2025-07-02T17:07:59","modified_gmt":"2025-07-02T15:07:59","slug":"nous-trouver","status":"publish","type":"page","link":"https:\/\/www.extende.com\/fr\/lentreprise\/nous-trouver\/","title":{"rendered":"Nous trouver"},"content":{"rendered":"<p>Pour nous rendre visite, voici notre adresse en <img loading=\"lazy\" decoding=\"async\" class=\"alignnone size-full wp-image-403\" src=\"https:\/\/www.extende.com\/wp-content\/uploads\/actu-fr.png\" alt=\"\" width=\"19\" height=\"19\" \/>France :<\/p>\n<div class=\"corner-wrapper\">\n<div class=\"corner-frame\">\n<p style=\"text-align: center;\">EXTENDE S.A.<br \/>\n14 Avenue Carnot<br \/>\n91300 Massy<\/p>\n<p style=\"text-align: center;\">Fax : +33 (0)9 72 13 42 68<br \/>\nGPS : Lat. 48.7291159, Long. 2.2665829999999687<\/p>\n<\/div>\n<\/div>\n<p>&nbsp;<\/p>\n<p>Vous pouvez \u00e9galement t\u00e9l\u00e9charger le <a href=\"https:\/\/www.extende.com\/wp-content\/uploads\/Plan_Acces_EXTENDE.pdf\" target=\"_blank\" rel=\"noopener\">Plan d&rsquo;acc\u00e8s<\/a> pour vous rep\u00e9rer depuis la gare RER.<\/p>\n<p><img loading=\"lazy\" decoding=\"async\" class=\"size-medium wp-image-5933 aligncenter\" src=\"https:\/\/www.extende.com\/wp-content\/uploads\/QR_Code_Extende-300x300.png\" alt=\"\" width=\"300\" height=\"300\" srcset=\"https:\/\/www.extende.com\/wp-content\/uploads\/QR_Code_Extende-300x300.png 300w, https:\/\/www.extende.com\/wp-content\/uploads\/QR_Code_Extende-150x150.png 150w, https:\/\/www.extende.com\/wp-content\/uploads\/QR_Code_Extende.png 530w\" sizes=\"auto, (max-width: 300px) 100vw, 300px\" \/><\/p>\n<p>Si vous souhaitez contacter l&rsquo;un de nos autres \u00e9tablissements en France, voici leurs adresses :<\/p>\n<p>&nbsp;<\/p>\n<div class=\"corner-wrapper\">\n<div class=\"corner-frame\" align=\"center\">\n<table style=\"border: 0px;\">\n<tbody>\n<tr>\n<td style=\"border: 0px; padding-right: 25px; padding-left: 25px; border-right: 1px solid #BBBBBB; text-align: right;\">EXTENDE S.A.<br \/>\n3 Rue d&rsquo;Alembert<br \/>\n38000 Grenoble<br \/>\nFrance<\/td>\n<td style=\"border: 0px; padding-right: 25px; padding-left: 25px; text-align: left;\">EXTENDE S.A.<br \/>\n39 Ter Avenue de Canejan<br \/>\n33600 Pessac<br \/>\nFrance<\/td>\n<\/tr>\n<\/tbody>\n<\/table>\n<\/div>\n<\/div>\n<p>&nbsp;<\/p>\n<p>Pour nos clients <img loading=\"lazy\" decoding=\"async\" class=\"alignnone size-full wp-image-2379\" src=\"https:\/\/www.extende.com\/wp-content\/uploads\/actu-us.png\" alt=\"\" width=\"19\" height=\"19\" \/> U.S.A. Nord-am\u00e9ricains, voici l&rsquo;adresse de notre filiale d\u00e9di\u00e9e :<\/p>\n<p>&nbsp;<\/p>\n<div class=\"corner-wrapper\">\n<div class=\"corner-frame\">\n<p style=\"text-align: center;\">EXTENDE Inc.<br \/>\nPO Box 41114<br \/>\nNorfolk<br \/>\nVA 23541<br \/>\nU.S.A.<\/p>\n<\/div>\n<\/div>\n","protected":false},"excerpt":{"rendered":"<p>Comment contacter ou rendre visite \u00e0 EXTENDE<\/p>\n","protected":false},"author":2,"featured_media":0,"parent":5416,"menu_order":4,"comment_status":"closed","ping_status":"closed","template":"templates\/page--basic.html.php","meta":{"_acf_changed":false,"footnotes":""},"class_list":["post-5461","page","type-page","status-publish","hentry"],"acf":[],"_links":{"self":[{"href":"https:\/\/www.extende.com\/fr\/wp-json\/wp\/v2\/pages\/5461","targetHints":{"allow":["GET"]}}],"collection":[{"href":"https:\/\/www.extende.com\/fr\/wp-json\/wp\/v2\/pages"}],"about":[{"href":"https:\/\/www.extende.com\/fr\/wp-json\/wp\/v2\/types\/page"}],"author":[{"embeddable":true,"href":"https:\/\/www.extende.com\/fr\/wp-json\/wp\/v2\/users\/2"}],"replies":[{"embeddable":true,"href":"https:\/\/www.extende.com\/fr\/wp-json\/wp\/v2\/comments?post=5461"}],"version-history":[{"count":3,"href":"https:\/\/www.extende.com\/fr\/wp-json\/wp\/v2\/pages\/5461\/revisions"}],"predecessor-version":[{"id":6016,"href":"https:\/\/www.extende.com\/fr\/wp-json\/wp\/v2\/pages\/5461\/revisions\/6016"}],"up":[{"embeddable":true,"href":"https:\/\/www.extende.com\/fr\/wp-json\/wp\/v2\/pages\/5416"}],"wp:attachment":[{"href":"https:\/\/www.extende.com\/fr\/wp-json\/wp\/v2\/media?parent=5461"}],"curies":[{"name":"wp","href":"https:\/\/api.w.org\/{rel}","templated":true}]}}