{"id":5463,"date":"2025-06-24T18:52:01","date_gmt":"2025-06-24T16:52:01","guid":{"rendered":"https:\/\/www.extende.com\/actualites\/"},"modified":"2025-07-17T12:07:40","modified_gmt":"2025-07-17T10:07:40","slug":"extende-actualites","status":"publish","type":"page","link":"https:\/\/www.extende.com\/fr\/extende-actualites\/","title":{"rendered":"Actualit\u00e9s"},"content":{"rendered":"<p>Restez connect\u00e9s avec nous !<\/p>\n<p>Au del\u00e0 de sa pr\u00e9sence sur les <a href=\"https:\/\/www.linkedin.com\/company\/extende\/\" target=\"_blank\" rel=\"noopener\">r\u00e9seaux sociaux<\/a> et de sa <a href=\"https:\/\/www.youtube.com\/user\/extendechannel\" target=\"_blank\" rel=\"noopener\">cha\u00eene YouTube<\/a>, EXTENDE garde le contact avec la communaut\u00e9 CND, que ce soit directement via notre pr\u00e9sence aux <a href=\"https:\/\/www.extende.com\/fr\/extende-actualites\/conferences-et-salons-cnd\/\">conf\u00e9rences et salons<\/a>, ou \u00ab num\u00e9riquement \u00bb via notre espace <a href=\"https:\/\/www.extende.com\/fr\/extende-actualites\/blog\/\">blog<\/a> et nos <a href=\"https:\/\/www.extende.com\/fr\/extende-actualites\/newsletter\/\">newsletters<\/a> r\u00e9guli\u00e8res.<\/p>\n<p>Ainsi, nous vous tenons inform\u00e9s des derni\u00e8res actualit\u00e9s et pouvons vous montrer les \u00e9volutions concernant nos produits et services.<\/p>\n","protected":false},"excerpt":{"rendered":"<p>Restez connect\u00e9s avec nous ! Au del\u00e0 de sa pr\u00e9sence sur les r\u00e9seaux sociaux et de sa cha\u00eene YouTube, EXTENDE garde le contact avec la communaut\u00e9 CND, que ce soit directement via notre pr\u00e9sence aux conf\u00e9rences et salons, ou \u00ab num\u00e9riquement \u00bb via notre espace blog et nos newsletters r\u00e9guli\u00e8res. Ainsi, nous vous tenons inform\u00e9s [&hellip;]<\/p>\n","protected":false},"author":2,"featured_media":0,"parent":0,"menu_order":0,"comment_status":"closed","ping_status":"closed","template":"templates\/page--extende.html.php","meta":{"_acf_changed":false,"footnotes":""},"class_list":["post-5463","page","type-page","status-publish","hentry"],"acf":[],"_links":{"self":[{"href":"https:\/\/www.extende.com\/fr\/wp-json\/wp\/v2\/pages\/5463","targetHints":{"allow":["GET"]}}],"collection":[{"href":"https:\/\/www.extende.com\/fr\/wp-json\/wp\/v2\/pages"}],"about":[{"href":"https:\/\/www.extende.com\/fr\/wp-json\/wp\/v2\/types\/page"}],"author":[{"embeddable":true,"href":"https:\/\/www.extende.com\/fr\/wp-json\/wp\/v2\/users\/2"}],"replies":[{"embeddable":true,"href":"https:\/\/www.extende.com\/fr\/wp-json\/wp\/v2\/comments?post=5463"}],"version-history":[{"count":3,"href":"https:\/\/www.extende.com\/fr\/wp-json\/wp\/v2\/pages\/5463\/revisions"}],"predecessor-version":[{"id":6466,"href":"https:\/\/www.extende.com\/fr\/wp-json\/wp\/v2\/pages\/5463\/revisions\/6466"}],"wp:attachment":[{"href":"https:\/\/www.extende.com\/fr\/wp-json\/wp\/v2\/media?parent=5463"}],"curies":[{"name":"wp","href":"https:\/\/api.w.org\/{rel}","templated":true}]}}