{"id":5467,"date":"2025-06-24T18:52:01","date_gmt":"2025-06-24T16:52:01","guid":{"rendered":"https:\/\/www.extende.com\/actualites\/newsletter\/"},"modified":"2025-07-23T11:27:55","modified_gmt":"2025-07-23T09:27:55","slug":"newsletter","status":"publish","type":"page","link":"https:\/\/www.extende.com\/fr\/extende-actualites\/newsletter\/","title":{"rendered":"Newsletter"},"content":{"rendered":"<div class=\"corner-wrapper\">\n<div class=\"corner-frame\" style=\"text-align: center;\">Si vous d\u00e9sirez recevoir notre Newsletter r\u00e9guli\u00e8rement, n\u2019h\u00e9sitez pas \u00e0 <a class=\"g-lien\" href=\"https:\/\/www.extende.com\/fr\/inscription-newsletter\/\" target=\"_self\">vous inscrire<\/a>.<\/div>\n<\/div>\n<p>&nbsp;<\/p>\n<p>Les Newsletters d&rsquo;<span class=\"g-color1\">EXTENDE<\/span> contiennent non seulement les derni\u00e8res informations concernant notre entreprise et le logiciel <span class=\"g-color1\">CIVA<\/span>, mais \u00e9galement le monde du CND dans son ensemble. Elles sont consultables en ligne dans cette rubrique.<\/p>\n","protected":false},"excerpt":{"rendered":"<p>Les NewsLetters d&rsquo;EXTENDE, abonnez-vous<\/p>\n","protected":false},"author":2,"featured_media":0,"parent":5463,"menu_order":1,"comment_status":"closed","ping_status":"closed","template":"templates\/page--newsletters.html.php","meta":{"_acf_changed":false,"footnotes":""},"class_list":["post-5467","page","type-page","status-publish","hentry"],"acf":[],"_links":{"self":[{"href":"https:\/\/www.extende.com\/fr\/wp-json\/wp\/v2\/pages\/5467","targetHints":{"allow":["GET"]}}],"collection":[{"href":"https:\/\/www.extende.com\/fr\/wp-json\/wp\/v2\/pages"}],"about":[{"href":"https:\/\/www.extende.com\/fr\/wp-json\/wp\/v2\/types\/page"}],"author":[{"embeddable":true,"href":"https:\/\/www.extende.com\/fr\/wp-json\/wp\/v2\/users\/2"}],"replies":[{"embeddable":true,"href":"https:\/\/www.extende.com\/fr\/wp-json\/wp\/v2\/comments?post=5467"}],"version-history":[{"count":3,"href":"https:\/\/www.extende.com\/fr\/wp-json\/wp\/v2\/pages\/5467\/revisions"}],"predecessor-version":[{"id":6753,"href":"https:\/\/www.extende.com\/fr\/wp-json\/wp\/v2\/pages\/5467\/revisions\/6753"}],"up":[{"embeddable":true,"href":"https:\/\/www.extende.com\/fr\/wp-json\/wp\/v2\/pages\/5463"}],"wp:attachment":[{"href":"https:\/\/www.extende.com\/fr\/wp-json\/wp\/v2\/media?parent=5467"}],"curies":[{"name":"wp","href":"https:\/\/api.w.org\/{rel}","templated":true}]}}