{"id":6660,"date":"2025-07-21T16:32:15","date_gmt":"2025-07-21T14:32:15","guid":{"rendered":"https:\/\/www.extende.com\/?page_id=6660"},"modified":"2025-07-21T16:35:48","modified_gmt":"2025-07-21T14:35:48","slug":"mentions-legales","status":"publish","type":"page","link":"https:\/\/www.extende.com\/fr\/mentions-legales\/","title":{"rendered":"Mentions l\u00e9gales"},"content":{"rendered":"<p>Mentions l\u00e9gales r\u00e9glement\u00e9es par <strong>la loi n\u00b078-17 du 6 janvier 1978 relative \u00e0 l&rsquo;informatique, aux fichiers et aux libert\u00e9s<\/strong> et la loi n\u00b0 2004-575 du 21 juin 2004 pour la Confiance dans l&rsquo;Economie Num\u00e9rique et compl\u00e9t\u00e9s par la prise en compte du RGPD.<\/p>\n<p>&nbsp;<\/p>\n<h2>Confidentialite et gestion des Donn\u00e9es personnelles<\/h2>\n<p>Vos donn\u00e9es personnelles (nom, pr\u00e9nom, adresse professionnelle, soci\u00e9t\u00e9, fonction, code postal, ville, e-mail professionnel, t\u00e9l\u00e9phone professionnel, pays, site web professionnel) sont collect\u00e9es dans le strict respect de <strong>la loi n\u00b0 2004-575 du 21 juin 2004 pour la Confiance dans l&rsquo;Economie Num\u00e9rique et du RGPD<\/strong>.<\/p>\n<p>Les informations recueillies sur le formulaire de contact sont enregistr\u00e9es dans un fichier informatis\u00e9 par <strong>EXTENDE<\/strong> pour <strong>am\u00e9liorer la gestion de sa client\u00e8le et r\u00e9pondre aux requ\u00eates de clients et prospects<\/strong>.<\/p>\n<p>Elles sont conserv\u00e9es pendant <strong>cinq ans apr\u00e8s le dernier contact<\/strong> et sont destin\u00e9es <strong>au service commercial et marketing \u00e9tabli en France ainsi qu&rsquo;\u00e0 notre filiale aux Etats-Unis. Aucun transfert n&rsquo;est fait des donn\u00e9es vous concernant en dehors d&rsquo;EXTENDE (S.A. ou Inc.)<\/strong>.<\/p>\n<p>Conform\u00e9ment \u00e0 <strong>la loi n\u00b078-17 du 6 janvier 1978 relative \u00e0 l&rsquo;informatique, aux fichiers et aux libert\u00e9s modifi\u00e9e par la nouvelle loi Informatique et Libert\u00e9s du 6 ao\u00fbt 2004 ainsi que le RGPD<\/strong>, vous disposez d&rsquo;un droit d&rsquo;acc\u00e8s, de modifications, de rectifications et de suppression des donn\u00e9es qui vous concernent. Pour cela il vous suffit de nous contacter par le formulaire de contact, ou par courrier \u00e0 notre si\u00e8ge social \u00e0 l\u2019attention du Responsable du Traitement des Donn\u00e9es.<\/p>\n<p>&nbsp;<\/p>\n<h2>Nos coordonn\u00e9es<\/h2>\n<p><strong>EXTENDE<\/strong><br \/>\nSi\u00e8ge social :<br \/>\n14 Avenue Carnot<br \/>\n91 300 MASSY<br \/>\nS.A. au capital de 100.000 Euros \u2013 RCS Evry 518 807 425<br \/>\nN\u00b0 d\u2019identification TVA : FR 57 518 807 425<\/p>\n<p>&nbsp;<\/p>\n<h2>Edition du site internet<\/h2>\n<ul>\n<li>Responsable de publication : Philippe DUBOIS, Extende<\/li>\n<li>Cr\u00e9ation du site internet : <a href=\"https:\/\/realisateurweb.com\">R\u00e9alisateur Web &#8211; Agence Web Essonne<\/a><\/li>\n<li>H\u00e9bergeur : <a href=\"https:\/\/fcmicro.net\">FC Micro<\/a><\/li>\n<li>Cr\u00e9dits photos : Extende, CEA, Fotolia, Stocklib, Freepik<\/li>\n<\/ul>\n<p>&nbsp;<\/p>\n<h2>Droits d&rsquo;auteur<\/h2>\n<p>Toute reproduction totale ou partielle du design, des textes, des photos ou des mises en page est interdite, conform\u00e9ment aux dispositions de l&rsquo;article L. 122-4 du Code de la propri\u00e9t\u00e9 intellectuelle. Tout contrevenant sera passible de poursuites judiciaires pour contrefa\u00e7on.<\/p>\n","protected":false},"excerpt":{"rendered":"<p>Mentions l\u00e9gales r\u00e9glement\u00e9es par la loi n\u00b078-17 du 6 janvier 1978 relative \u00e0 l&rsquo;informatique, aux fichiers et aux libert\u00e9s et la loi n\u00b0 2004-575 du 21 juin 2004 pour la Confiance dans l&rsquo;Economie Num\u00e9rique et compl\u00e9t\u00e9s par la prise en compte du RGPD. &nbsp; Confidentialite et gestion des Donn\u00e9es personnelles Vos donn\u00e9es personnelles (nom, pr\u00e9nom, [&hellip;]<\/p>\n","protected":false},"author":2,"featured_media":0,"parent":0,"menu_order":0,"comment_status":"closed","ping_status":"closed","template":"templates\/page--basic.html.php","meta":{"_acf_changed":false,"footnotes":""},"class_list":["post-6660","page","type-page","status-publish","hentry"],"acf":[],"_links":{"self":[{"href":"https:\/\/www.extende.com\/fr\/wp-json\/wp\/v2\/pages\/6660","targetHints":{"allow":["GET"]}}],"collection":[{"href":"https:\/\/www.extende.com\/fr\/wp-json\/wp\/v2\/pages"}],"about":[{"href":"https:\/\/www.extende.com\/fr\/wp-json\/wp\/v2\/types\/page"}],"author":[{"embeddable":true,"href":"https:\/\/www.extende.com\/fr\/wp-json\/wp\/v2\/users\/2"}],"replies":[{"embeddable":true,"href":"https:\/\/www.extende.com\/fr\/wp-json\/wp\/v2\/comments?post=6660"}],"version-history":[{"count":2,"href":"https:\/\/www.extende.com\/fr\/wp-json\/wp\/v2\/pages\/6660\/revisions"}],"predecessor-version":[{"id":6664,"href":"https:\/\/www.extende.com\/fr\/wp-json\/wp\/v2\/pages\/6660\/revisions\/6664"}],"wp:attachment":[{"href":"https:\/\/www.extende.com\/fr\/wp-json\/wp\/v2\/media?parent=6660"}],"curies":[{"name":"wp","href":"https:\/\/api.w.org\/{rel}","templated":true}]}}