{"id":7088,"date":"2025-12-03T17:01:26","date_gmt":"2025-12-03T16:01:26","guid":{"rendered":"https:\/\/www.extende.com\/?page_id=7088"},"modified":"2025-12-04T13:14:28","modified_gmt":"2025-12-04T12:14:28","slug":"controle-par-ondes-guidees-dans-civa-education","status":"publish","type":"page","link":"https:\/\/www.extende.com\/fr\/civa-logiciel-de-simulation-cnd\/civa-education\/controle-par-ondes-guidees-dans-civa-education\/","title":{"rendered":"Contr\u00f4le par Ondes Guid\u00e9es dans CIVA Education"},"content":{"rendered":"<p><a class=\"mediabox\" href=\"https:\/\/www.extende.com\/wp-content\/uploads\/CIVA_Edu_v2_Desk_GWT_FR.png\"><img loading=\"lazy\" decoding=\"async\" class=\"border aligncenter wp-image-7082\" src=\"https:\/\/www.extende.com\/wp-content\/uploads\/CIVA_Edu_v2_Desk_GWT_FR-300x123.png\" alt=\"\" width=\"800\" height=\"329\" srcset=\"https:\/\/www.extende.com\/wp-content\/uploads\/CIVA_Edu_v2_Desk_GWT_FR-300x123.png 300w, https:\/\/www.extende.com\/wp-content\/uploads\/CIVA_Edu_v2_Desk_GWT_FR-1024x421.png 1024w, https:\/\/www.extende.com\/wp-content\/uploads\/CIVA_Edu_v2_Desk_GWT_FR-768x316.png 768w, https:\/\/www.extende.com\/wp-content\/uploads\/CIVA_Edu_v2_Desk_GWT_FR-600x247.png 600w, https:\/\/www.extende.com\/wp-content\/uploads\/CIVA_Edu_v2_Desk_GWT_FR.png 1325w\" sizes=\"auto, (max-width: 800px) 100vw, 800px\" \/><\/a><\/p>\n<p>&nbsp;<\/p>\n<p>Le module \u00ab\u00a0Contr\u00f4le par Ondes Guid\u00e9es\u00a0\u00bb (GWT) de <span class=\"g-color1\">CIVA<\/span> <span class=\"g-color3\">Education<\/span> permet le calcul des courbes de dispersion pour une gamme de fr\u00e9quences choisie.<\/p>\n<p>Le mod\u00e8le peut inclure\u00a0:<\/p>\n<ul>\n<li>Des pi\u00e8ces homog\u00e8nes planes ou cylindriques<\/li>\n<li>Des mat\u00e9riaux isotropes avec potentiellement une att\u00e9nuation<\/li>\n<li>Les pi\u00e8ces cylindriques peuvent \u00eatre remplies d&rsquo;un fluide tel que de l&rsquo;eau ou du p\u00e9trole<\/li>\n<\/ul>\n<p>Les courbes de dispersion comprennent\u00a0les propri\u00e9t\u00e9s physiques suivantes\u00a0:<\/p>\n<ul>\n<li>Vitesse de phase<\/li>\n<li>Vitesse de groupe<\/li>\n<li>Longueur d&rsquo;onde<\/li>\n<li>Nombre d&rsquo;onde<\/li>\n<li>Att\u00e9nuation<\/li>\n<\/ul>\n<p>&nbsp;<\/p>\n<h2>Exemples de simulations :<\/h2>\n<p>Vous pouvez calculer les propri\u00e9t\u00e9s des\u00a0<span class=\"g-color2\">Ondes de Lamb et des modes SH dans des pi\u00e8ces planes pour diff\u00e9rents mat\u00e9riaux et \u00e9paisseurs<\/span> :<\/p>\n<p>&nbsp;<\/p>\n<p><a class=\"mediabox\" href=\"https:\/\/www.extende.com\/wp-content\/uploads\/CIVA_Edu_v2_GWT_Plaque.png\"><img loading=\"lazy\" decoding=\"async\" class=\"aligncenter wp-image-7084\" src=\"https:\/\/www.extende.com\/wp-content\/uploads\/CIVA_Edu_v2_GWT_Plaque-1024x481.png\" alt=\"\" width=\"799\" height=\"375\" srcset=\"https:\/\/www.extende.com\/wp-content\/uploads\/CIVA_Edu_v2_GWT_Plaque-1024x481.png 1024w, https:\/\/www.extende.com\/wp-content\/uploads\/CIVA_Edu_v2_GWT_Plaque-300x141.png 300w, https:\/\/www.extende.com\/wp-content\/uploads\/CIVA_Edu_v2_GWT_Plaque-768x360.png 768w, https:\/\/www.extende.com\/wp-content\/uploads\/CIVA_Edu_v2_GWT_Plaque-600x282.png 600w, https:\/\/www.extende.com\/wp-content\/uploads\/CIVA_Edu_v2_GWT_Plaque-1400x657.png 1400w, https:\/\/www.extende.com\/wp-content\/uploads\/CIVA_Edu_v2_GWT_Plaque.png 1500w\" sizes=\"auto, (max-width: 799px) 100vw, 799px\" \/><\/a><\/p>\n<p>&nbsp;<\/p>\n<p>Vous pouvez calculer les <span class=\"g-color2\">modes Longitudinaux et de Torsion<\/span> dans les tubes <span class=\"g-color2\">pour diff\u00e9rents mat\u00e9riaux et \u00e9paisseurs<\/span> :<\/p>\n<p>&nbsp;<\/p>\n<p><a class=\"mediabox\" href=\"https:\/\/www.extende.com\/wp-content\/uploads\/CIVA_Edu_v2_GWT_Tube.png\"><img loading=\"lazy\" decoding=\"async\" class=\"aligncenter wp-image-7085\" src=\"https:\/\/www.extende.com\/wp-content\/uploads\/CIVA_Edu_v2_GWT_Tube-300x141.png\" alt=\"\" width=\"801\" height=\"376\" srcset=\"https:\/\/www.extende.com\/wp-content\/uploads\/CIVA_Edu_v2_GWT_Tube-300x141.png 300w, https:\/\/www.extende.com\/wp-content\/uploads\/CIVA_Edu_v2_GWT_Tube-1024x481.png 1024w, https:\/\/www.extende.com\/wp-content\/uploads\/CIVA_Edu_v2_GWT_Tube-768x361.png 768w, https:\/\/www.extende.com\/wp-content\/uploads\/CIVA_Edu_v2_GWT_Tube-600x282.png 600w, https:\/\/www.extende.com\/wp-content\/uploads\/CIVA_Edu_v2_GWT_Tube-1400x658.png 1400w, https:\/\/www.extende.com\/wp-content\/uploads\/CIVA_Edu_v2_GWT_Tube.png 1499w\" sizes=\"auto, (max-width: 801px) 100vw, 801px\" \/><\/a><\/p>\n","protected":false},"excerpt":{"rendered":"<p>&nbsp; Le module \u00ab\u00a0Contr\u00f4le par Ondes Guid\u00e9es\u00a0\u00bb (GWT) de CIVA Education permet le calcul des courbes de dispersion pour une gamme de fr\u00e9quences choisie. Le mod\u00e8le peut inclure\u00a0: Des pi\u00e8ces homog\u00e8nes planes ou cylindriques Des mat\u00e9riaux isotropes avec potentiellement une att\u00e9nuation Les pi\u00e8ces cylindriques peuvent \u00eatre remplies d&rsquo;un fluide tel que de l&rsquo;eau ou du [&hellip;]<\/p>\n","protected":false},"author":3,"featured_media":0,"parent":4781,"menu_order":0,"comment_status":"closed","ping_status":"closed","template":"templates\/page--extende.html.php","meta":{"_acf_changed":false,"footnotes":""},"class_list":["post-7088","page","type-page","status-publish","hentry"],"acf":[],"_links":{"self":[{"href":"https:\/\/www.extende.com\/fr\/wp-json\/wp\/v2\/pages\/7088","targetHints":{"allow":["GET"]}}],"collection":[{"href":"https:\/\/www.extende.com\/fr\/wp-json\/wp\/v2\/pages"}],"about":[{"href":"https:\/\/www.extende.com\/fr\/wp-json\/wp\/v2\/types\/page"}],"author":[{"embeddable":true,"href":"https:\/\/www.extende.com\/fr\/wp-json\/wp\/v2\/users\/3"}],"replies":[{"embeddable":true,"href":"https:\/\/www.extende.com\/fr\/wp-json\/wp\/v2\/comments?post=7088"}],"version-history":[{"count":3,"href":"https:\/\/www.extende.com\/fr\/wp-json\/wp\/v2\/pages\/7088\/revisions"}],"predecessor-version":[{"id":7135,"href":"https:\/\/www.extende.com\/fr\/wp-json\/wp\/v2\/pages\/7088\/revisions\/7135"}],"up":[{"embeddable":true,"href":"https:\/\/www.extende.com\/fr\/wp-json\/wp\/v2\/pages\/4781"}],"wp:attachment":[{"href":"https:\/\/www.extende.com\/fr\/wp-json\/wp\/v2\/media?parent=7088"}],"curies":[{"name":"wp","href":"https:\/\/api.w.org\/{rel}","templated":true}]}}